{"id":6852,"date":"2022-01-19T19:49:26","date_gmt":"2022-01-19T17:49:26","guid":{"rendered":"https:\/\/wp.pestalozzi-gymnasium-heidenau.info\/?page_id=6852"},"modified":"2022-01-19T19:53:00","modified_gmt":"2022-01-19T17:53:00","slug":"blaeserklasse","status":"publish","type":"page","link":"https:\/\/wp.pestalozzi-gymnasium-heidenau.info\/index.php\/blaeserklasse\/","title":{"rendered":"Bl\u00e4serklasse"},"content":{"rendered":"\n<p><strong>Was ist eine Bl\u00e4serklasse?<\/strong><\/p>\n\n\n\n<figure class=\"wp-block-image size-large\"><img loading=\"lazy\" decoding=\"async\" width=\"990\" height=\"666\" src=\"https:\/\/wp.pestalozzi-gymnasium-heidenau.info\/wp-content\/uploads\/Bild1.jpg\" alt=\"\" class=\"wp-image-6853\" srcset=\"https:\/\/wp.pestalozzi-gymnasium-heidenau.info\/wp-content\/uploads\/Bild1.jpg 990w, https:\/\/wp.pestalozzi-gymnasium-heidenau.info\/wp-content\/uploads\/Bild1-300x202.jpg 300w, https:\/\/wp.pestalozzi-gymnasium-heidenau.info\/wp-content\/uploads\/Bild1-830x558.jpg 830w, https:\/\/wp.pestalozzi-gymnasium-heidenau.info\/wp-content\/uploads\/Bild1-230x155.jpg 230w, https:\/\/wp.pestalozzi-gymnasium-heidenau.info\/wp-content\/uploads\/Bild1-350x235.jpg 350w, https:\/\/wp.pestalozzi-gymnasium-heidenau.info\/wp-content\/uploads\/Bild1-480x323.jpg 480w\" sizes=\"auto, (max-width: 990px) 100vw, 990px\" \/><\/figure>\n\n\n\n<ul class=\"wp-block-list\"><li>ist ein Unterrichtsmodell: Alle Sch\u00fcler der Klasse erlernen zeitgleich und systematisch ein Orchesterblasinstrument.<\/li><li>wird als zweij\u00e4hriges Projekt (Klassenstufe 5\/6) durchgef\u00fchrt<\/li><li>ist eine Methode, die auf motivierende Weise musikalische und damit auch pers\u00f6nliche Erfolgserlebnisse vermittelt<\/li><\/ul>\n\n\n\n<p><strong>Es sind <u>keine<\/u> instrumentalen Vorkenntnisse erforderlich!<\/strong><\/p>\n\n\n\n<p><strong>Welche Instrumente k\u00f6nnen gew\u00e4hlt werden?<\/strong><\/p>\n\n\n\n<ul class=\"wp-block-list\"><li>Holzblasinstrumente: &nbsp;5 Querfl\u00f6ten, 5 Klarinetten, 4 Saxophone<\/li><li>Blechblasinstrumente: &nbsp;4 Trompeten, 2 H\u00f6rner, 4 Posaunen, 3 Euphonien<\/li><li>Schlagzeug<\/li><\/ul>\n\n\n\n<p><strong>Welche Aspekte sprechen f\u00fcr eine Bl\u00e4serklasse?<\/strong><\/p>\n\n\n\n<ul class=\"wp-block-list\"><li>spielerisches und praxisnahes Erlernen eines Blasinstrumentes<\/li><li>St\u00e4rkung der Klassengemeinschaft\/ Sozialkompetenz\/ Lernbereitschaft<\/li><li>aggressionsfreies und motivierendes Lernklima<\/li><\/ul>\n\n\n\n<p><strong>Wie l\u00e4uft die Bl\u00e4serklasse am Pestalozzi-Gymnasium Heidenau ab?<\/strong><\/p>\n\n\n\n<ul class=\"wp-block-list\"><li>Verteilung der Instrumente nach Interessenlage und physischen Voraussetzungen<\/li><li>W\u00f6chentliche Probe im Klassenorchester und Instrumentalunterricht durch Instrumentalp\u00e4dagogen Musikschule S\u00e4chsische Schweiz e.V.<\/li><li>Halbj\u00e4hrliche Konzerte (Weihnachten\/ Sommer)<\/li><\/ul>\n\n\n\n<p><strong>Dauer von 2 Jahren und Instrument sind nicht ver\u00e4nderbar!<\/strong><\/p>\n\n\n\n<figure class=\"wp-block-embed is-type-video is-provider-youtube wp-block-embed-youtube wp-embed-aspect-16-9 wp-has-aspect-ratio\"><div class=\"wp-block-embed__wrapper\">\n<iframe loading=\"lazy\" title=\"Vorstellung der Bl\u00e4serklasse am Pestalozzi-Gymnasium-Heidenau\" width=\"1170\" height=\"658\" src=\"https:\/\/www.youtube.com\/embed\/Zn3wN4o0Sg0?feature=oembed\" frameborder=\"0\" allow=\"accelerometer; autoplay; clipboard-write; encrypted-media; gyroscope; picture-in-picture\" allowfullscreen><\/iframe>\n<\/div><\/figure>\n\n\n\n<p><strong>Welche Vorteile hat die Bl\u00e4serklasse gegen\u00fcber anderen Methoden?<\/strong><\/p>\n\n\n\n<ul class=\"wp-block-list\"><li>Instrumentalunterricht durch Musikp\u00e4dagogen der Musikschule S\u00e4chsische Schweiz<\/li><li>hochwertiges Neuinstrument wird vom F\u00f6rderverein kostenfrei f\u00fcr 2 Jahre zur Verf\u00fcgung gestellt<\/li><li>w\u00f6chentliche Probe im Klassenorchester<\/li><li>Instrumentalunterricht und Probe finden im Schulgeb\u00e4ude statt (keine zus\u00e4tzlichen Wege, Fahrtkosten oder Wartezeiten)<\/li><\/ul>\n\n\n\n<figure class=\"wp-block-image size-large\"><img loading=\"lazy\" decoding=\"async\" width=\"870\" height=\"579\" src=\"https:\/\/wp.pestalozzi-gymnasium-heidenau.info\/wp-content\/uploads\/Bild2.jpg\" alt=\"\" class=\"wp-image-6854\" srcset=\"https:\/\/wp.pestalozzi-gymnasium-heidenau.info\/wp-content\/uploads\/Bild2.jpg 870w, https:\/\/wp.pestalozzi-gymnasium-heidenau.info\/wp-content\/uploads\/Bild2-300x200.jpg 300w, https:\/\/wp.pestalozzi-gymnasium-heidenau.info\/wp-content\/uploads\/Bild2-830x552.jpg 830w, https:\/\/wp.pestalozzi-gymnasium-heidenau.info\/wp-content\/uploads\/Bild2-230x153.jpg 230w, https:\/\/wp.pestalozzi-gymnasium-heidenau.info\/wp-content\/uploads\/Bild2-350x233.jpg 350w, https:\/\/wp.pestalozzi-gymnasium-heidenau.info\/wp-content\/uploads\/Bild2-480x319.jpg 480w\" sizes=\"auto, (max-width: 870px) 100vw, 870px\" \/><\/figure>\n\n\n\n<p><strong>Welche Kosten kommen auf die Eltern zu?<\/strong><\/p>\n\n\n\n<p>Es entstehen Kosten in H\u00f6he von 5 \u20ac f\u00fcr die Instrumentenleihe beim F\u00f6rderverein.<\/p>\n\n\n\n<p><strong>Was muss ich bei der Anmeldung am PGH zur Bl\u00e4serklasse beachten?<\/strong><\/p>\n\n\n\n<ul class=\"wp-block-list\"><li>Angabe der Fremdsprache und der Bl\u00e4serklassenmethode<\/li><li>Alle Bl\u00e4serklassensch\u00fcler kommen in eine Klasse (28 freie Pl\u00e4tze)<\/li><li>Vertrag zur Leihe des Instrumentes wird mit dem F\u00f6rderverein Pestalozzi Gymnasium im August abgeschlossen<\/li><li>Dauer von 2 Jahren<\/li><li>Keine Vorkenntnisse auf dem Instrument<\/li><li>Bei Fragen wenden Sie sich an Herrn R\u00f6ber: roeber.max@pgh.lernsax.de<\/li><\/ul>\n\n\n\n<figure class=\"wp-block-image size-large\"><img loading=\"lazy\" decoding=\"async\" width=\"308\" height=\"78\" src=\"https:\/\/wp.pestalozzi-gymnasium-heidenau.info\/wp-content\/uploads\/Bild3.jpg\" alt=\"\" class=\"wp-image-6855\" srcset=\"https:\/\/wp.pestalozzi-gymnasium-heidenau.info\/wp-content\/uploads\/Bild3.jpg 308w, https:\/\/wp.pestalozzi-gymnasium-heidenau.info\/wp-content\/uploads\/Bild3-300x76.jpg 300w, https:\/\/wp.pestalozzi-gymnasium-heidenau.info\/wp-content\/uploads\/Bild3-230x58.jpg 230w\" sizes=\"auto, (max-width: 308px) 100vw, 308px\" \/><\/figure>\n","protected":false},"excerpt":{"rendered":"<p>Was ist eine Bl\u00e4serklasse? ist ein Unterrichtsmodell: Alle Sch\u00fcler der Klasse erlernen zeitgleich und systematisch ein Orchesterblasinstrument. wird als zweij\u00e4hriges Projekt (Klassenstufe 5\/6) durchgef\u00fchrt ist eine Methode, die auf motivierende Weise musikalische und damit auch pers\u00f6nliche Erfolgserlebnisse vermittelt Es sind keine instrumentalen Vorkenntnisse erforderlich! Welche Instrumente k\u00f6nnen gew\u00e4hlt werden? Holzblasinstrumente: &nbsp;5 Querfl\u00f6ten, 5 Klarinetten, 4 Saxophone Blechblasinstrumente: &nbsp;4 Trompeten, 2 H\u00f6rner, 4 Posaunen, 3 Euphonien Schlagzeug Welche Aspekte sprechen f\u00fcr eine Bl\u00e4serklasse? spielerisches und praxisnahes Erlernen eines Blasinstrumentes St\u00e4rkung der Klassengemeinschaft\/ Sozialkompetenz\/ Lernbereitschaft aggressionsfreies und motivierendes Lernklima Wie l\u00e4uft die Bl\u00e4serklasse am Pestalozzi-Gymnasium Heidenau ab? Verteilung der Instrumente nach Interessenlage und physischen Voraussetzungen W\u00f6chentliche Probe im Klassenorchester und Instrumentalunterricht durch Instrumentalp\u00e4dagogen Musikschule S\u00e4chsische Schweiz e.V. Halbj\u00e4hrliche Konzerte (Weihnachten\/ Sommer) Dauer von 2 Jahren und Instrument sind nicht ver\u00e4nderbar! Welche Vorteile hat die Bl\u00e4serklasse gegen\u00fcber anderen Methoden? Instrumentalunterricht durch Musikp\u00e4dagogen der Musikschule S\u00e4chsische Schweiz hochwertiges Neuinstrument wird vom F\u00f6rderverein kostenfrei f\u00fcr 2 Jahre zur Verf\u00fcgung gestellt w\u00f6chentliche Probe im Klassenorchester Instrumentalunterricht und Probe finden im Schulgeb\u00e4ude statt (keine zus\u00e4tzlichen Wege, Fahrtkosten oder Wartezeiten) Welche Kosten kommen auf die Eltern zu? Es entstehen Kosten in H\u00f6he von 5 \u20ac f\u00fcr die Instrumentenleihe beim F\u00f6rderverein. Was muss ich bei der Anmeldung am PGH [&hellip;]<\/p>\n","protected":false},"author":1,"featured_media":0,"parent":0,"menu_order":0,"comment_status":"closed","ping_status":"closed","template":"","meta":{"ngg_post_thumbnail":0,"footnotes":""},"class_list":["post-6852","page","type-page","status-publish","hentry"],"rttpg_featured_image_url":null,"rttpg_author":{"display_name":"pattex","author_link":"https:\/\/wp.pestalozzi-gymnasium-heidenau.info\/index.php\/author\/pattex\/"},"rttpg_comment":0,"rttpg_category":null,"rttpg_excerpt":"Was ist eine Bl\u00e4serklasse? ist ein Unterrichtsmodell: Alle Sch\u00fcler der Klasse erlernen zeitgleich und systematisch ein Orchesterblasinstrument. wird als zweij\u00e4hriges Projekt (Klassenstufe 5\/6) durchgef\u00fchrt ist eine Methode, die auf motivierende Weise musikalische und damit auch pers\u00f6nliche Erfolgserlebnisse vermittelt Es sind keine instrumentalen Vorkenntnisse erforderlich! Welche Instrumente k\u00f6nnen gew\u00e4hlt werden? Holzblasinstrumente: &nbsp;5 Querfl\u00f6ten, 5 Klarinetten, 4&hellip;","_links":{"self":[{"href":"https:\/\/wp.pestalozzi-gymnasium-heidenau.info\/index.php\/wp-json\/wp\/v2\/pages\/6852","targetHints":{"allow":["GET"]}}],"collection":[{"href":"https:\/\/wp.pestalozzi-gymnasium-heidenau.info\/index.php\/wp-json\/wp\/v2\/pages"}],"about":[{"href":"https:\/\/wp.pestalozzi-gymnasium-heidenau.info\/index.php\/wp-json\/wp\/v2\/types\/page"}],"author":[{"embeddable":true,"href":"https:\/\/wp.pestalozzi-gymnasium-heidenau.info\/index.php\/wp-json\/wp\/v2\/users\/1"}],"replies":[{"embeddable":true,"href":"https:\/\/wp.pestalozzi-gymnasium-heidenau.info\/index.php\/wp-json\/wp\/v2\/comments?post=6852"}],"version-history":[{"count":2,"href":"https:\/\/wp.pestalozzi-gymnasium-heidenau.info\/index.php\/wp-json\/wp\/v2\/pages\/6852\/revisions"}],"predecessor-version":[{"id":6859,"href":"https:\/\/wp.pestalozzi-gymnasium-heidenau.info\/index.php\/wp-json\/wp\/v2\/pages\/6852\/revisions\/6859"}],"wp:attachment":[{"href":"https:\/\/wp.pestalozzi-gymnasium-heidenau.info\/index.php\/wp-json\/wp\/v2\/media?parent=6852"}],"curies":[{"name":"wp","href":"https:\/\/api.w.org\/{rel}","templated":true}]}}