{"id":359,"date":"2015-11-18T18:07:30","date_gmt":"2015-11-18T17:07:30","guid":{"rendered":"http:\/\/www.sn.schule.de\/~gym-heidenau\/web\/?page_id=359"},"modified":"2018-03-20T21:24:20","modified_gmt":"2018-03-20T19:24:20","slug":"mint","status":"publish","type":"page","link":"https:\/\/wp.pestalozzi-gymnasium-heidenau.info\/index.php\/mint\/","title":{"rendered":"MINT"},"content":{"rendered":"<h2>Ab sofort sind wir &#8222;MINT-Schule&#8220;<\/h2>\n<p>Am Montag 24.11.2014 fand in den technischen Sammlungen Dresden die diesj\u00e4hrige Vergabe der Auszeichnung MINT-freundliche Schule f\u00fcr s\u00e4chsische Schulen statt. In diesem Jahr wurde, neben zwei weiteren Schulen in Sachsen, auch das Pestalozzi-Gymnasium Heidenau mit dem begehrten Titel ausgezeichnet.<br \/>\nDie Auszeichnung wurde vom Vorsitzenden der Initiative MINT-Zukunft-schaffen Thomas Sattelberger vergeben und ist ein Projekt des deutschen Arbeitgeberverbandes zur F\u00f6rderung der Ausbildungs- und Studienm\u00f6glichkeiten im naturwissenschaftlich-technischen Bereich.<br \/>\nMINT, das steht f\u00fcr Mathematik, Informatik, Naturwissenschaften und Technik, f\u00fcr die Bereiche, in denen die deutsche Industrie dringend Nachwuchs braucht.<\/p>\n<p>Copyright (c) Benjamin Gesing<\/p>\n<p>&nbsp;<br \/>\n<img decoding=\"async\" src=\"http:\/\/www.pestalozzi-gymnasium-heidenau.info\/images\/14_pestalozzigymnasium.jpg\" alt=\"\" \/><\/p>\n<p>&nbsp;<\/p>\n<p><img decoding=\"async\" src=\"http:\/\/www.pestalozzi-gymnasium-heidenau.info\/images\/mint-urkunde.jpg\" alt=\"\" \/><\/p>\n<p>&nbsp;<\/p>\n<p>Die Auszeichnung erhalten demnach Schulen, die durch ihre besonderen Unterrichtsmethoden, Fortbildungs- und Informationsm\u00f6glichkeiten, sowie spezielle Sonderf\u00e4cher (wie den Kurs Bionik) im naturwissenschaftlichen Bereich au\u00dfergew\u00f6hnlich hochqualitativen Unterricht anbieten.<\/p>\n<p>&nbsp;<\/p>\n<p>Diese Kriterien erf\u00fcllt unser Gymnasium voll und ganz und geh\u00f6rt somit nun zu den etwa 900 privilegierten Schulen im ganzen Bundesgebiet, die den Titel MINT-freundliche Schule besitzen.<br \/>\nDie Auszeichnung wurde vom Schulleiter Uwe Beck, dem Fachleiter Naturwissenschaften Tristan Dorst, der Sch\u00fclerin Mareen Hoppe und dem Vorsitzenden des Sch\u00fclerrates Georg Wiesner entgegengenommen.<\/p>\n<p>&nbsp;<\/p>\n<p>(Georg Wiesner)<\/p>\n<ul class=\"lcp_catlist\" id=\"lcp_instance_0\"><li><a href=\"https:\/\/wp.pestalozzi-gymnasium-heidenau.info\/index.php\/2026\/03\/04\/jugend-forscht-36-regionalwettbewerb-dresden-ostsachsen\/\">Jugend forscht \u2013 36. Regionalwettbewerb Dresden\/Ostsachsen<\/a><div class=\"lcp_excerpt\"><p><!-- wp:image {\"id\":8401,\"sizeSlug\":\"full\",\"linkDestination\":\"none\"} --><\/p>\n<figure class=\"wp-block-image size-full\"><img loading=\"lazy\" decoding=\"async\" width=\"800\" height=\"954\" src=\"https:\/\/wp.pestalozzi-gymnasium-heidenau.info\/wp-content\/uploads\/Jugend-forscht-Bericht-Wettbewerb_Seite_1.jpg\" alt=\"\" class=\"wp-image-8401\" srcset=\"https:\/\/wp.pestalozzi-gymnasium-heidenau.info\/wp-content\/uploads\/Jugend-forscht-Bericht-Wettbewerb_Seite_1.jpg 800w, https:\/\/wp.pestalozzi-gymnasium-heidenau.info\/wp-content\/uploads\/Jugend-forscht-Bericht-Wettbewerb_Seite_1-252x300.jpg 252w, https:\/\/wp.pestalozzi-gymnasium-heidenau.info\/wp-content\/uploads\/Jugend-forscht-Bericht-Wettbewerb_Seite_1-230x274.jpg 230w, https:\/\/wp.pestalozzi-gymnasium-heidenau.info\/wp-content\/uploads\/Jugend-forscht-Bericht-Wettbewerb_Seite_1-350x417.jpg 350w, https:\/\/wp.pestalozzi-gymnasium-heidenau.info\/wp-content\/uploads\/Jugend-forscht-Bericht-Wettbewerb_Seite_1-480x572.jpg 480w\" sizes=\"auto, (max-width: 800px) 100vw, 800px\" \/><\/figure>\n<p><!-- \/wp:image --><\/p>\n<p><!-- wp:image {\"id\":8402,\"sizeSlug\":\"large\",\"linkDestination\":\"none\"} --><\/p>\n<figure class=\"wp-block-image size-large\"><img loading=\"lazy\" decoding=\"async\" width=\"671\" height=\"1024\" src=\"https:\/\/wp.pestalozzi-gymnasium-heidenau.info\/wp-content\/uploads\/Jugend-forscht-Bericht-Wettbewerb_Seite_2-671x1024.jpg\" alt=\"\" class=\"wp-image-8402\" srcset=\"https:\/\/wp.pestalozzi-gymnasium-heidenau.info\/wp-content\/uploads\/Jugend-forscht-Bericht-Wettbewerb_Seite_2-671x1024.jpg 671w, https:\/\/wp.pestalozzi-gymnasium-heidenau.info\/wp-content\/uploads\/Jugend-forscht-Bericht-Wettbewerb_Seite_2-197x300.jpg 197w, https:\/\/wp.pestalozzi-gymnasium-heidenau.info\/wp-content\/uploads\/Jugend-forscht-Bericht-Wettbewerb_Seite_2-230x351.jpg 230w, https:\/\/wp.pestalozzi-gymnasium-heidenau.info\/wp-content\/uploads\/Jugend-forscht-Bericht-Wettbewerb_Seite_2-350x534.jpg 350w, https:\/\/wp.pestalozzi-gymnasium-heidenau.info\/wp-content\/uploads\/Jugend-forscht-Bericht-Wettbewerb_Seite_2-480x733.jpg 480w, https:\/\/wp.pestalozzi-gymnasium-heidenau.info\/wp-content\/uploads\/Jugend-forscht-Bericht-Wettbewerb_Seite_2.jpg 800w\" sizes=\"auto, (max-width: 671px) 100vw, 671px\" \/><\/figure>\n<p><!-- ...<\/div><\/li><li><a href=\"https:\/\/wp.pestalozzi-gymnasium-heidenau.info\/index.php\/2024\/09\/03\/exkursion-ins-helmoltz-zentrum-dresden-rossendorf\/\">Exkursion ins Helmoltz-Zentrum Dresden-Rossendorf<\/a><div class=\"lcp_excerpt\"><p><!-- wp:paragraph --><\/p>\n<p>Am 30. August 2024 besuchte der Bio-Leistungskurs der 12. Klassen des Pestalozzi-Gymnasiums Heidenau das Helmholtz-Zentrum Dresden-Rossendorf. W\u00e4hrend der ganzt\u00e4gigen Exkursion wurde uns das wissenschaftliche Arbeiten im Labor n\u00e4hergebracht und wir erfuhren spannendes \u00fcber biologische Zusammenh\u00e4nge sowie die Forschungseinrichtung.<br \/>Die Geschichte des HZDR geht bis in die Anfangszeiten der DDR zur\u00fcck. Mit dem \u201cZentralinstitut ...<\/div><\/li><li><a href=\"https:\/\/wp.pestalozzi-gymnasium-heidenau.info\/index.php\/2024\/04\/22\/tag-der-naturwissenschaften-mal-anders\/\">Tag der Naturwissenschaften \u2013 mal anders<\/a><div class=\"lcp_excerpt\"><p><!-- wp:paragraph --><\/p>\n<p>Am 9. April war es soweit \u2013 der traditionelle Tag der Naturwissenschaften fand an unserem Gymnasium statt. Die Sch\u00fclerinnen und Sch\u00fcler der 11. Klassen hielten Referate zu den unterschiedlichsten naturwissenschaftlichen Themen und hatten Zuh\u00f6rerinnen und Zuh\u00f6rer aus den Klassenstufen 8 bis 10.<\/p>\n<p><!-- \/wp:paragraph --><\/p>\n<p><!-- wp:paragraph --><\/p>\n<p>Unsere 5er und 6er waren dieses Jahr nicht ...<\/div><\/li><\/ul>\n","protected":false},"excerpt":{"rendered":"<p>Ab sofort sind wir &#8222;MINT-Schule&#8220; Am Montag 24.11.2014 fand in den technischen Sammlungen Dresden die diesj\u00e4hrige Vergabe der Auszeichnung MINT-freundliche Schule f\u00fcr s\u00e4chsische Schulen statt. In diesem Jahr wurde, neben zwei weiteren Schulen in Sachsen, auch das Pestalozzi-Gymnasium Heidenau mit dem begehrten Titel ausgezeichnet. Die Auszeichnung wurde vom Vorsitzenden der Initiative MINT-Zukunft-schaffen Thomas Sattelberger vergeben und ist ein Projekt des deutschen Arbeitgeberverbandes zur F\u00f6rderung der Ausbildungs- und Studienm\u00f6glichkeiten im naturwissenschaftlich-technischen Bereich. MINT, das steht f\u00fcr Mathematik, Informatik, Naturwissenschaften und Technik, f\u00fcr die Bereiche, in denen die deutsche Industrie dringend Nachwuchs braucht. Copyright (c) Benjamin Gesing &nbsp; &nbsp; &nbsp; Die Auszeichnung erhalten demnach Schulen, die durch ihre besonderen Unterrichtsmethoden, Fortbildungs- und Informationsm\u00f6glichkeiten, sowie spezielle Sonderf\u00e4cher (wie den Kurs Bionik) im naturwissenschaftlichen Bereich au\u00dfergew\u00f6hnlich hochqualitativen Unterricht anbieten. &nbsp; Diese Kriterien erf\u00fcllt unser Gymnasium voll und ganz und geh\u00f6rt somit nun zu den etwa 900 privilegierten Schulen im ganzen Bundesgebiet, die den Titel MINT-freundliche Schule besitzen. Die Auszeichnung wurde vom Schulleiter Uwe Beck, dem Fachleiter Naturwissenschaften Tristan Dorst, der Sch\u00fclerin Mareen Hoppe und dem Vorsitzenden des Sch\u00fclerrates Georg Wiesner entgegengenommen. &nbsp; (Georg Wiesner)<\/p>\n","protected":false},"author":1,"featured_media":0,"parent":0,"menu_order":0,"comment_status":"closed","ping_status":"closed","template":"","meta":{"ngg_post_thumbnail":0,"footnotes":""},"class_list":["post-359","page","type-page","status-publish","hentry"],"rttpg_featured_image_url":null,"rttpg_author":{"display_name":"pattex","author_link":"https:\/\/wp.pestalozzi-gymnasium-heidenau.info\/index.php\/author\/pattex\/"},"rttpg_comment":0,"rttpg_category":null,"rttpg_excerpt":"Ab sofort sind wir &#8222;MINT-Schule&#8220; Am Montag 24.11.2014 fand in den technischen Sammlungen Dresden die diesj\u00e4hrige Vergabe der Auszeichnung MINT-freundliche Schule f\u00fcr s\u00e4chsische Schulen statt. In diesem Jahr wurde, neben zwei weiteren Schulen in Sachsen, auch das Pestalozzi-Gymnasium Heidenau mit dem begehrten Titel ausgezeichnet. Die Auszeichnung wurde vom Vorsitzenden der Initiative MINT-Zukunft-schaffen Thomas Sattelberger vergeben&hellip;","_links":{"self":[{"href":"https:\/\/wp.pestalozzi-gymnasium-heidenau.info\/index.php\/wp-json\/wp\/v2\/pages\/359","targetHints":{"allow":["GET"]}}],"collection":[{"href":"https:\/\/wp.pestalozzi-gymnasium-heidenau.info\/index.php\/wp-json\/wp\/v2\/pages"}],"about":[{"href":"https:\/\/wp.pestalozzi-gymnasium-heidenau.info\/index.php\/wp-json\/wp\/v2\/types\/page"}],"author":[{"embeddable":true,"href":"https:\/\/wp.pestalozzi-gymnasium-heidenau.info\/index.php\/wp-json\/wp\/v2\/users\/1"}],"replies":[{"embeddable":true,"href":"https:\/\/wp.pestalozzi-gymnasium-heidenau.info\/index.php\/wp-json\/wp\/v2\/comments?post=359"}],"version-history":[{"count":1,"href":"https:\/\/wp.pestalozzi-gymnasium-heidenau.info\/index.php\/wp-json\/wp\/v2\/pages\/359\/revisions"}],"predecessor-version":[{"id":4790,"href":"https:\/\/wp.pestalozzi-gymnasium-heidenau.info\/index.php\/wp-json\/wp\/v2\/pages\/359\/revisions\/4790"}],"wp:attachment":[{"href":"https:\/\/wp.pestalozzi-gymnasium-heidenau.info\/index.php\/wp-json\/wp\/v2\/media?parent=359"}],"curies":[{"name":"wp","href":"https:\/\/api.w.org\/{rel}","templated":true}]}}