{"id":347,"date":"2015-11-18T18:03:18","date_gmt":"2015-11-18T17:03:18","guid":{"rendered":"http:\/\/www.sn.schule.de\/~gym-heidenau\/web\/?page_id=347"},"modified":"2022-05-24T18:19:40","modified_gmt":"2022-05-24T16:19:40","slug":"vorstand","status":"publish","type":"page","link":"https:\/\/wp.pestalozzi-gymnasium-heidenau.info\/index.php\/vorstand\/","title":{"rendered":"Vorstand"},"content":{"rendered":"\n<figure class=\"wp-block-image size-large is-resized\"><img loading=\"lazy\" decoding=\"async\" src=\"https:\/\/wp.pestalozzi-gymnasium-heidenau.info\/wp-content\/uploads\/Vorstand-1.jpg\" alt=\"\" class=\"wp-image-6967\" width=\"800\" height=\"535\" srcset=\"https:\/\/wp.pestalozzi-gymnasium-heidenau.info\/wp-content\/uploads\/Vorstand-1.jpg 800w, https:\/\/wp.pestalozzi-gymnasium-heidenau.info\/wp-content\/uploads\/Vorstand-1-300x201.jpg 300w, https:\/\/wp.pestalozzi-gymnasium-heidenau.info\/wp-content\/uploads\/Vorstand-1-230x154.jpg 230w, https:\/\/wp.pestalozzi-gymnasium-heidenau.info\/wp-content\/uploads\/Vorstand-1-350x234.jpg 350w, https:\/\/wp.pestalozzi-gymnasium-heidenau.info\/wp-content\/uploads\/Vorstand-1-480x321.jpg 480w\" sizes=\"auto, (max-width: 800px) 100vw, 800px\" \/><\/figure>\n\n\n\n<p><b>Vorsitzender:<br><\/b>Konrad Jentzsch, ehemaliger Sch\u00fcler<br><br><b>Stellvertreterin:&nbsp;<br><\/b>Gudrun K\u00fchne, Lehrerin<br><br><b>Kassenwart:<br><\/b>Grit Kirsten-Hazraty, Elternteil<\/p>\n\n\n\n<p><b>Beisitz: <br><\/b>Karl Leutg\u00f6b, Sch\u00fcler; &nbsp;Christian Schwaar, Sch\u00fcler; &nbsp;<br>Julie Warschat,&nbsp; Sch\u00fclerin; Max R\u00f6ber, Lehrer<\/p>\n\n\n\n<p>Erreichbarkeit des Vereins \u00fcber:<\/p>\n\n\n\n<p><b>foerderverein@pgh.lernsax.de<\/b><\/p>\n\n\n\n<h2 class=\"wp-block-heading\">Kontoverbindung<\/h2>\n\n\n\n<p>Verein Pestalozzi Heidenau<\/p>\n\n\n\n<p><strong><span style=\"color: #ff0000;\">NEUE KONTONUMMER!<\/span><\/strong><\/p>\n\n\n\n<p>IBAN: DE82 8707 0024 0816 4584 00<br>BIC: DEUTDEDBCHE<br>Deutsche Bank Chemnitz<\/p>\n","protected":false},"excerpt":{"rendered":"<p>Vorsitzender:Konrad Jentzsch, ehemaliger Sch\u00fcler Stellvertreterin:&nbsp;Gudrun K\u00fchne, Lehrerin Kassenwart:Grit Kirsten-Hazraty, Elternteil Beisitz: Karl Leutg\u00f6b, Sch\u00fcler; &nbsp;Christian Schwaar, Sch\u00fcler; &nbsp;Julie Warschat,&nbsp; Sch\u00fclerin; Max R\u00f6ber, Lehrer Erreichbarkeit des Vereins \u00fcber: foerderverein@pgh.lernsax.de Kontoverbindung Verein Pestalozzi Heidenau NEUE KONTONUMMER! IBAN: DE82 8707 0024 0816 4584 00BIC: DEUTDEDBCHEDeutsche Bank Chemnitz<\/p>\n","protected":false},"author":1,"featured_media":0,"parent":0,"menu_order":0,"comment_status":"closed","ping_status":"closed","template":"","meta":{"ngg_post_thumbnail":0,"footnotes":""},"class_list":["post-347","page","type-page","status-publish","hentry"],"rttpg_featured_image_url":null,"rttpg_author":{"display_name":"pattex","author_link":"https:\/\/wp.pestalozzi-gymnasium-heidenau.info\/index.php\/author\/pattex\/"},"rttpg_comment":0,"rttpg_category":null,"rttpg_excerpt":"Vorsitzender:Konrad Jentzsch, ehemaliger Sch\u00fcler Stellvertreterin:&nbsp;Gudrun K\u00fchne, Lehrerin Kassenwart:Grit Kirsten-Hazraty, Elternteil Beisitz: Karl Leutg\u00f6b, Sch\u00fcler; &nbsp;Christian Schwaar, Sch\u00fcler; &nbsp;Julie Warschat,&nbsp; Sch\u00fclerin; Max R\u00f6ber, Lehrer Erreichbarkeit des Vereins \u00fcber: foerderverein@pgh.lernsax.de Kontoverbindung Verein Pestalozzi Heidenau NEUE KONTONUMMER! IBAN: DE82 8707 0024 0816 4584 00BIC: DEUTDEDBCHEDeutsche Bank Chemnitz","_links":{"self":[{"href":"https:\/\/wp.pestalozzi-gymnasium-heidenau.info\/index.php\/wp-json\/wp\/v2\/pages\/347","targetHints":{"allow":["GET"]}}],"collection":[{"href":"https:\/\/wp.pestalozzi-gymnasium-heidenau.info\/index.php\/wp-json\/wp\/v2\/pages"}],"about":[{"href":"https:\/\/wp.pestalozzi-gymnasium-heidenau.info\/index.php\/wp-json\/wp\/v2\/types\/page"}],"author":[{"embeddable":true,"href":"https:\/\/wp.pestalozzi-gymnasium-heidenau.info\/index.php\/wp-json\/wp\/v2\/users\/1"}],"replies":[{"embeddable":true,"href":"https:\/\/wp.pestalozzi-gymnasium-heidenau.info\/index.php\/wp-json\/wp\/v2\/comments?post=347"}],"version-history":[{"count":7,"href":"https:\/\/wp.pestalozzi-gymnasium-heidenau.info\/index.php\/wp-json\/wp\/v2\/pages\/347\/revisions"}],"predecessor-version":[{"id":6968,"href":"https:\/\/wp.pestalozzi-gymnasium-heidenau.info\/index.php\/wp-json\/wp\/v2\/pages\/347\/revisions\/6968"}],"wp:attachment":[{"href":"https:\/\/wp.pestalozzi-gymnasium-heidenau.info\/index.php\/wp-json\/wp\/v2\/media?parent=347"}],"curies":[{"name":"wp","href":"https:\/\/api.w.org\/{rel}","templated":true}]}}