{"id":325,"date":"2015-11-18T17:55:19","date_gmt":"2015-11-18T16:55:19","guid":{"rendered":"http:\/\/www.sn.schule.de\/~gym-heidenau\/web\/?page_id=325"},"modified":"2016-01-31T15:01:48","modified_gmt":"2016-01-31T14:01:48","slug":"studienfahrten","status":"publish","type":"page","link":"https:\/\/wp.pestalozzi-gymnasium-heidenau.info\/index.php\/studienfahrten\/","title":{"rendered":"Studienfahrten"},"content":{"rendered":"<h1><\/h1>\n<div class=\"sidepicture\"><a href=\"http:\/\/www.pestalozzi-gymnasium-heidenau.info\/images\/prmhzh5h.jpg\" target=\"_blank\"><img loading=\"lazy\" decoding=\"async\" src=\"http:\/\/www.pestalozzi-gymnasium-heidenau.info\/images\/prmhzh5h_200.jpg\" alt=\"\" width=\"200\" height=\"261\" border=\"0\" \/><\/a><\/div>\n<p><b>Studienfahrt Touristik<\/p>\n<p><\/b>Seit vielen Jahren findet am Pestalozzi-Gymnasium Heidenau die Studienfahrt Touristik statt. Im Mittelpunkt dabei steht das Erlernen der Sportart ORIENTIERUNGSLAUF, aber auch andere sportliche Aktivit\u00e4ten wie Radfahren, Volleyball oder Fu\u00dfball kommen neben dem gem\u00fctlichen Beisammensein und den allabendlichen Videoauswertungen sowie dem Abschlussabend mit Lagerfeuer nicht zu kurz.<\/p>\n<div class=\"clearer\"><\/div>\n<h2><a name=\"446210a12510ac5ec\"><\/a>Studienfahrt 2009 &#8211; die sportliche Alternative<\/h2>\n<div class=\"sidepicture\"><a href=\"http:\/\/www.pestalozzi-gymnasium-heidenau.info\/images\/1ie4msl0.jpg\" target=\"_blank\"><img loading=\"lazy\" decoding=\"async\" src=\"http:\/\/www.pestalozzi-gymnasium-heidenau.info\/images\/1ie4msl0_200.jpg\" alt=\"\" width=\"200\" height=\"150\" border=\"0\" \/><\/a><\/p>\n<p class=\"sidepicturetext\"><em>2009<\/em><\/p>\n<\/div>\n<p>\u201eWarum in die Ferne schweifen, wo das Gute doch so nah ist?\u201c<br \/>\n\u201eWarum bei herbstlichem Kaiserwetter stundenlang in einen Bus setzten und durch Museen pilgern?\u201c<\/p>\n<p>Das dachten sich f\u00fcnfzehn Sch\u00fcler der 11. und 12. Klassen im September und entschieden sich f\u00fcr eine aktive Studienfahrt in den W\u00e4ldern rund um Bahratal. Zusammen mit Herrn Gottschlich, Herrn Frenzel sowie einigen Absolventen ging es Montagmorgen auf dem Fahrrad einer erlebnisreichen Woche entgegen.<br \/>\nNachdem die erste gro\u00dfe Anstrengung, das obligatorische Bergzeitfahren, geschafft war, wurden wir in die Grundlagen des Orientierungslaufes (OL) eingef\u00fchrt, die wir sogleich beim ersten Lauf, dem Stern-OL, anwenden mussten. Mit Karte und Kompass bewaffnet, st\u00fcrzten wir uns das erste Mal in den Wald, auf der Suche nach den orange-wei\u00dfen Streckenposten. Sp\u00e4testens jetzt war der Ehrgeiz jedes Einzelnen geweckt und es entwickelte sich ein spannender Wettkampf \u00fcber die gesamte Woche, wobei aber jederzeit der Spa\u00df im Vordergrund stand.<br \/>\nSp\u00e4ter bezogen wir unsere Bleibe f\u00fcr die n\u00e4chsten Tage, die Herberge Bahra. Herbergsvater Harald begr\u00fc\u00dfte uns freundlich \u2013 noch ahnte er nicht, dass wir ihm in den n\u00e4chsten Tagen die \u201eHaare vom Kopf (fr)essen w\u00fcrden\u201c, denn frische Luft und Bewegung machen hungrig, sogar sehr hungrig.<\/p>\n<p>Neben den t\u00e4glichen OL\u2019s bet\u00e4tigten wir uns u.a. auch beim Tischtennis, Fu\u00dfball und Klettern. Sogar ein Kajakrennen auf dem Herbergs-Teich wurde veranstaltet.<br \/>\nHighlight eines jeden Abends war das gemeinsame Anschauen des aktuellen Videomaterials, das die unerm\u00fcdlichen \u201eOL-Spione\u201c w\u00e4hrend der Wettk\u00e4mpfe aufgezeichnet hatten.<\/p>\n<p>Nachdem das Gesamtklassement durch den Abschluss-OL noch einmal m\u00e4chtig durcheinander gewirbelt worden war, lie\u00dfen wir die Woche, die uns trotz zerkratzter Beine und Muskelkater viele unvergessliche Momente brachte, bei einem gem\u00fctlichen Grillabend ausklingen.<\/p>\n<p>&nbsp;<\/p>\n<h2>Studienfahrt nach London 2012<\/h2>\n<p><i>Welcome to London!<\/i><\/p>\n<p>Am 11. September 2012 durften wir Sch\u00fcler der 12. Klasse aus dem Pestalozzi-Gymnasium Heidenau in die Hauptstadt Englands reisen.<br \/>\nDiese Reise war nicht gew\u00f6hnlich wie ein Schulausflug mit dem Bus, sondern, wie das Wort Ausflug sagt, ein Flug.<br \/>\nWir flogen \u00fcber den Wolken \u00fcber das Meer.<\/p>\n<p>Wir waren wegen der Zeitverschiebung erst gegen Mitternacht in unserem Hotel angekommen.<br \/>\nAlle waren sehr m\u00fcde von der langen Reise und wollten nur noch Eines &#8211; schlafen!<\/p>\n<p>Am n\u00e4chsten Morgen besichtigten wir in kleinen Gruppen, wobei die Lehrer auch ein Gr\u00fcppchen bildeten, die Stadt. Aber, um erst einmal in diese zu gelangen, mussten wir mit der U-Bahn ca. 20 Minuten von unserem Wohnort Barking nach London fahren. Dies war schon das erste Erlebnis f\u00fcr manch einen, denn die Ticketkontrolle erfolgt nicht wie bei uns in Deutschland. Hier musste man, bevor man auf den Bahnsteig gelangte bzw. von ihm wieder nach drau\u00dfen, durch<br \/>\neine maschinelle Kontrolle.<\/p>\n<p>Unseren Tagesablauf konnten wir nun selbst bestimmen. Allerdings mussten wir zwei Museen besuchen und zwei Walks, in Reisef\u00fchrern vorgegebene Touren, absolvieren. Der Englisch \u2013 Leistungskurs besuchte das William Shakespeare Theater. Viele besichtigten in den Tagen bis zum 14. September den Buckingham Palace oder genossen die Fahrt auf der Themse. Einige gingen sogar auf die ber\u00fchmte Tower Bridge und gerieten bei dem wundervollen Ausblick \u00fcber London<br \/>\nund den angrenzenden Tower ins Schw\u00e4rmen.<br \/>\nZwischendurch ben\u00f6tigten wir eine kleine St\u00e4rkung. Was w\u00e4re besser geeignet als die ber\u00fchmten \u201eFish and Chips\u201c, die die Engl\u00e4nder zur Gen\u00fcge verputzen?<br \/>\nEs schmeckt sehr ungew\u00f6hnlich, da es meist mit Essig gegessen wird. Doch das ist, wie wir herausfanden, Geschmacksache.<\/p>\n<p>Leider konnten wir den bekannten Londoner Nebel nicht sehen, aber daf\u00fcr hatten wir sch\u00f6nes Wetter. Dadurch wirkte der anl\u00e4sslich des 60. Kronjubil\u00e4ums Elisabeth benannte Tower, in dem sich die Glocke \u201aBig Ben\u2018 befindet, noch gewaltiger. Nicht weit vom Turm entfernt erhebt sich die Westminster Abbey, in der<br \/>\ndie Queen Elisabeth gekr\u00f6nt wurde und William und Kate sich gegenseitig das Ja- Wort gaben.<\/p>\n<p>Gegen Nachmittag ging es dann am 15. September wieder zur\u00fcck in die Heimat.<br \/>\nEs war eine interessante und besondere Studienfahrt.<\/p>\n<p>Ein herzliches Dankesch\u00f6n an alle Organisatoren und Mitreisenden!<\/p>\n<p>Rebecca Kleesch\u00e4tzky<\/p>\n<table border=\"0\" width=\"510\" cellspacing=\"0\" cellpadding=\"3\" align=\"center\">\n<tbody>\n<tr>\n<td align=\"center\" valign=\"middle\" width=\"164\"><img loading=\"lazy\" decoding=\"async\" id=\"lb200\" src=\"http:\/\/www.pestalozzi-gymnasium-heidenau.info\/images\/cimg3830_lbs.jpg\" alt=\"\" width=\"164\" height=\"123\" name=\"box0\" border=\"0\" \/><\/td>\n<td align=\"center\" valign=\"middle\" width=\"164\"><img loading=\"lazy\" decoding=\"async\" id=\"lb201\" src=\"http:\/\/www.pestalozzi-gymnasium-heidenau.info\/images\/cimg3785_lbs.jpg\" alt=\"\" width=\"164\" height=\"123\" name=\"box0\" border=\"0\" \/><\/td>\n<td align=\"center\" valign=\"middle\" width=\"164\"><img loading=\"lazy\" decoding=\"async\" id=\"lb202\" src=\"http:\/\/www.pestalozzi-gymnasium-heidenau.info\/images\/cimg3987_lbs.jpg\" alt=\"\" width=\"164\" height=\"123\" name=\"box0\" border=\"0\" \/><\/td>\n<\/tr>\n<\/tbody>\n<\/table>\n","protected":false},"excerpt":{"rendered":"<p>Studienfahrt Touristik Seit vielen Jahren findet am Pestalozzi-Gymnasium Heidenau die Studienfahrt Touristik statt. Im Mittelpunkt dabei steht das Erlernen der Sportart ORIENTIERUNGSLAUF, aber auch andere sportliche Aktivit\u00e4ten wie Radfahren, Volleyball oder Fu\u00dfball kommen neben dem gem\u00fctlichen Beisammensein und den allabendlichen Videoauswertungen sowie dem Abschlussabend mit Lagerfeuer nicht zu kurz. Studienfahrt 2009 &#8211; die sportliche Alternative 2009 \u201eWarum in die Ferne schweifen, wo das Gute doch so nah ist?\u201c \u201eWarum bei herbstlichem Kaiserwetter stundenlang in einen Bus setzten und durch Museen pilgern?\u201c Das dachten sich f\u00fcnfzehn Sch\u00fcler der 11. und 12. Klassen im September und entschieden sich f\u00fcr eine aktive Studienfahrt in den W\u00e4ldern rund um Bahratal. Zusammen mit Herrn Gottschlich, Herrn Frenzel sowie einigen Absolventen ging es Montagmorgen auf dem Fahrrad einer erlebnisreichen Woche entgegen. Nachdem die erste gro\u00dfe Anstrengung, das obligatorische Bergzeitfahren, geschafft war, wurden wir in die Grundlagen des Orientierungslaufes (OL) eingef\u00fchrt, die wir sogleich beim ersten Lauf, dem Stern-OL, anwenden mussten. Mit Karte und Kompass bewaffnet, st\u00fcrzten wir uns das erste Mal in den Wald, auf der Suche nach den orange-wei\u00dfen Streckenposten. Sp\u00e4testens jetzt war der Ehrgeiz jedes Einzelnen geweckt und es entwickelte sich ein spannender Wettkampf \u00fcber die gesamte Woche, wobei aber jederzeit der Spa\u00df im [&hellip;]<\/p>\n","protected":false},"author":1,"featured_media":0,"parent":0,"menu_order":0,"comment_status":"closed","ping_status":"closed","template":"","meta":{"ngg_post_thumbnail":0,"footnotes":""},"class_list":["post-325","page","type-page","status-publish","hentry"],"rttpg_featured_image_url":null,"rttpg_author":{"display_name":"pattex","author_link":"https:\/\/wp.pestalozzi-gymnasium-heidenau.info\/index.php\/author\/pattex\/"},"rttpg_comment":0,"rttpg_category":null,"rttpg_excerpt":"Studienfahrt Touristik Seit vielen Jahren findet am Pestalozzi-Gymnasium Heidenau die Studienfahrt Touristik statt. Im Mittelpunkt dabei steht das Erlernen der Sportart ORIENTIERUNGSLAUF, aber auch andere sportliche Aktivit\u00e4ten wie Radfahren, Volleyball oder Fu\u00dfball kommen neben dem gem\u00fctlichen Beisammensein und den allabendlichen Videoauswertungen sowie dem Abschlussabend mit Lagerfeuer nicht zu kurz. Studienfahrt 2009 &#8211; die sportliche Alternative&hellip;","_links":{"self":[{"href":"https:\/\/wp.pestalozzi-gymnasium-heidenau.info\/index.php\/wp-json\/wp\/v2\/pages\/325","targetHints":{"allow":["GET"]}}],"collection":[{"href":"https:\/\/wp.pestalozzi-gymnasium-heidenau.info\/index.php\/wp-json\/wp\/v2\/pages"}],"about":[{"href":"https:\/\/wp.pestalozzi-gymnasium-heidenau.info\/index.php\/wp-json\/wp\/v2\/types\/page"}],"author":[{"embeddable":true,"href":"https:\/\/wp.pestalozzi-gymnasium-heidenau.info\/index.php\/wp-json\/wp\/v2\/users\/1"}],"replies":[{"embeddable":true,"href":"https:\/\/wp.pestalozzi-gymnasium-heidenau.info\/index.php\/wp-json\/wp\/v2\/comments?post=325"}],"version-history":[{"count":2,"href":"https:\/\/wp.pestalozzi-gymnasium-heidenau.info\/index.php\/wp-json\/wp\/v2\/pages\/325\/revisions"}],"predecessor-version":[{"id":2167,"href":"https:\/\/wp.pestalozzi-gymnasium-heidenau.info\/index.php\/wp-json\/wp\/v2\/pages\/325\/revisions\/2167"}],"wp:attachment":[{"href":"https:\/\/wp.pestalozzi-gymnasium-heidenau.info\/index.php\/wp-json\/wp\/v2\/media?parent=325"}],"curies":[{"name":"wp","href":"https:\/\/api.w.org\/{rel}","templated":true}]}}