{"id":322,"date":"2015-11-18T17:53:04","date_gmt":"2015-11-18T16:53:04","guid":{"rendered":"http:\/\/www.sn.schule.de\/~gym-heidenau\/web\/?page_id=322"},"modified":"2015-11-18T17:53:04","modified_gmt":"2015-11-18T16:53:04","slug":"weissrussland","status":"publish","type":"page","link":"https:\/\/wp.pestalozzi-gymnasium-heidenau.info\/index.php\/weissrussland\/","title":{"rendered":"Wei\u00dfrussland"},"content":{"rendered":"<h2>Besuch in Wei\u00dfrussland 2012<\/h2>\n<div class=\"sidepicture\"><a href=\"http:\/\/www.pestalozzi-gymnasium-heidenau.info\/images\/37hxuvid.jpg\" target=\"_blank\"><img loading=\"lazy\" decoding=\"async\" src=\"http:\/\/www.pestalozzi-gymnasium-heidenau.info\/images\/37hxuvid_200.jpg\" alt=\"\" width=\"200\" height=\"133\" border=\"0\" \/><\/a><\/p>\n<p class=\"sidepicturetext\"><em>12-WR-1<\/em><\/p>\n<\/div>\n<p><b>Heidenauer Gymnasiasten in Minsk<\/p>\n<p><\/b>In der Woche vom 4. bis 11. Februar 2012 besuchten 10 Sch\u00fcler und 2 Lehrer des Pestalozzi-Gymnasiums Heidenau ihre Partnerschule in der wei\u00dfrussischen Hauptstadt Minsk.<br \/>\nNach einer langen Zugfahrt mit wenig Schlaf wurden wir am Minsker Bahnhof von unseren Gastfamilien liebevoll empfangen. Von dort aus ging es gleich ins neue zu Hause. Die Gastfreundschaft der Familien war \u00fcberw\u00e4ltigend, vor allem die M\u00fctter k\u00fcmmerten sich sehr f\u00fcrsorglich um ihre Gastkinder. Daraufhin besuchten wir gemeinsam mit unseren Gastsch\u00fclern einen wei\u00dfrussischen Zirkus in Minsk.<br \/>\nAm Montag begann die Woche mit einer gro\u00dfen Begr\u00fc\u00dfung durch die Schulleiterin und einer F\u00fchrung durch die Partnerschule Nr. 206. Nach dem Mittagessen begaben wir uns auf eine Stadtrundfahrt. Uns wurden viele interessante Informationen \u00fcber die wei\u00dfrussische Hauptstadt n\u00e4her gebracht, beispielsweise wie die Menschen dort leben.<\/p>\n<div class=\"clearer\"><\/div>\n<div class=\"sidepicture\"><a href=\"http:\/\/www.pestalozzi-gymnasium-heidenau.info\/images\/0jli4sn8.jpg\" target=\"_blank\"><img loading=\"lazy\" decoding=\"async\" src=\"http:\/\/www.pestalozzi-gymnasium-heidenau.info\/images\/0jli4sn8_200.jpg\" alt=\"\" width=\"200\" height=\"133\" border=\"0\" \/><\/a><\/p>\n<p class=\"sidepicturetext\"><em>12-WR-2<\/em><\/p>\n<\/div>\n<p>Am Dienstag und Mittwoch nahmen wir am Unterricht verschiedener Klassen teil. Im Deutschunterricht einer 8. Klasse staunten wir dar\u00fcber, wie gut die Sch\u00fcler die deutsche Sprache beherrschten und wir bem\u00fchten uns umgekehrt, unsere Russischkenntnisse aus unserem Unterricht zu nutzen. Die Sch\u00fcler, vor allem die kleinen in der 2. Klasse, waren wirklich sehr aufmerksam im Unterricht &#8211; fast wie im Bilderbuch. Nach dem Unterricht gab es jeden Tag ein leckeres Mittagessen. Es war sehr abwechslungsreich, z. B. Reissuppe, Kartoffelpuffer mit Fleischf\u00fcllung und selbstgemachte Schokotorte.<br \/>\nAuch wenn es in Minsk meist eisig kalt war, hat uns das nicht zu sehr beeindruckt, denn fast jeden Tag schien die Sonne und alle hatten gen\u00fcgend warme Sachen eingepackt. Sogar &#8222;Zwischenf\u00e4lle&#8220; wie eine halbe Stunde an der Bushaltestelle warten, waren vor allem f\u00fcr die wei\u00dfrussischen Sch\u00fcler nichts Besonderes. \u00dcberall wo wir in Minsk hin m\u00fcssten, fuhren wir mit den Trolleybussen oder der Metrobahn.<\/p>\n<div class=\"clearer\"><\/div>\n<div class=\"sidepicture\"><a href=\"http:\/\/www.pestalozzi-gymnasium-heidenau.info\/images\/d7p5kbh3.jpg\" target=\"_blank\"><img loading=\"lazy\" decoding=\"async\" src=\"http:\/\/www.pestalozzi-gymnasium-heidenau.info\/images\/d7p5kbh3_200.jpg\" alt=\"\" width=\"200\" height=\"150\" border=\"0\" \/><\/a><\/p>\n<p class=\"sidepicturetext\"><em>12-WR-3<\/em><\/p>\n<\/div>\n<p>An unserem letzten Tag vor der Abreise organisierten die wei\u00dfrussischen Sch\u00fcler gemeinsam mit ihren Lehrern eine Abschiedsfeier, mit lustigen Spielen und kleinen Gastgeschenken, f\u00fcr uns. Der Abschied am Freitagnachmittag fiel allen sehr schwer.<br \/>\nDie Woche in Minsk war ein gro\u00dfes Abenteuer f\u00fcr alle Sch\u00fcler und auch f\u00fcr die Lehrer. Wir haben andere Lebensweisen kennen gelernt und sind mit bewegenden Eindr\u00fccken nach Deutschland zur\u00fcckgekehrt.<\/p>\n<p>Josephin B\u00fcttner,<br \/>\nFlorian G\u00fcnther<\/p>\n","protected":false},"excerpt":{"rendered":"<p>Besuch in Wei\u00dfrussland 2012 12-WR-1 Heidenauer Gymnasiasten in Minsk In der Woche vom 4. bis 11. Februar 2012 besuchten 10 Sch\u00fcler und 2 Lehrer des Pestalozzi-Gymnasiums Heidenau ihre Partnerschule in der wei\u00dfrussischen Hauptstadt Minsk. Nach einer langen Zugfahrt mit wenig Schlaf wurden wir am Minsker Bahnhof von unseren Gastfamilien liebevoll empfangen. Von dort aus ging es gleich ins neue zu Hause. Die Gastfreundschaft der Familien war \u00fcberw\u00e4ltigend, vor allem die M\u00fctter k\u00fcmmerten sich sehr f\u00fcrsorglich um ihre Gastkinder. Daraufhin besuchten wir gemeinsam mit unseren Gastsch\u00fclern einen wei\u00dfrussischen Zirkus in Minsk. Am Montag begann die Woche mit einer gro\u00dfen Begr\u00fc\u00dfung durch die Schulleiterin und einer F\u00fchrung durch die Partnerschule Nr. 206. Nach dem Mittagessen begaben wir uns auf eine Stadtrundfahrt. Uns wurden viele interessante Informationen \u00fcber die wei\u00dfrussische Hauptstadt n\u00e4her gebracht, beispielsweise wie die Menschen dort leben. 12-WR-2 Am Dienstag und Mittwoch nahmen wir am Unterricht verschiedener Klassen teil. Im Deutschunterricht einer 8. Klasse staunten wir dar\u00fcber, wie gut die Sch\u00fcler die deutsche Sprache beherrschten und wir bem\u00fchten uns umgekehrt, unsere Russischkenntnisse aus unserem Unterricht zu nutzen. Die Sch\u00fcler, vor allem die kleinen in der 2. Klasse, waren wirklich sehr aufmerksam im Unterricht &#8211; fast wie im Bilderbuch. Nach dem Unterricht [&hellip;]<\/p>\n","protected":false},"author":1,"featured_media":0,"parent":0,"menu_order":0,"comment_status":"closed","ping_status":"closed","template":"","meta":{"ngg_post_thumbnail":0,"footnotes":""},"class_list":["post-322","page","type-page","status-publish","hentry"],"rttpg_featured_image_url":null,"rttpg_author":{"display_name":"pattex","author_link":"https:\/\/wp.pestalozzi-gymnasium-heidenau.info\/index.php\/author\/pattex\/"},"rttpg_comment":0,"rttpg_category":null,"rttpg_excerpt":"Besuch in Wei\u00dfrussland 2012 12-WR-1 Heidenauer Gymnasiasten in Minsk In der Woche vom 4. bis 11. Februar 2012 besuchten 10 Sch\u00fcler und 2 Lehrer des Pestalozzi-Gymnasiums Heidenau ihre Partnerschule in der wei\u00dfrussischen Hauptstadt Minsk. Nach einer langen Zugfahrt mit wenig Schlaf wurden wir am Minsker Bahnhof von unseren Gastfamilien liebevoll empfangen. Von dort aus ging&hellip;","_links":{"self":[{"href":"https:\/\/wp.pestalozzi-gymnasium-heidenau.info\/index.php\/wp-json\/wp\/v2\/pages\/322","targetHints":{"allow":["GET"]}}],"collection":[{"href":"https:\/\/wp.pestalozzi-gymnasium-heidenau.info\/index.php\/wp-json\/wp\/v2\/pages"}],"about":[{"href":"https:\/\/wp.pestalozzi-gymnasium-heidenau.info\/index.php\/wp-json\/wp\/v2\/types\/page"}],"author":[{"embeddable":true,"href":"https:\/\/wp.pestalozzi-gymnasium-heidenau.info\/index.php\/wp-json\/wp\/v2\/users\/1"}],"replies":[{"embeddable":true,"href":"https:\/\/wp.pestalozzi-gymnasium-heidenau.info\/index.php\/wp-json\/wp\/v2\/comments?post=322"}],"version-history":[{"count":0,"href":"https:\/\/wp.pestalozzi-gymnasium-heidenau.info\/index.php\/wp-json\/wp\/v2\/pages\/322\/revisions"}],"wp:attachment":[{"href":"https:\/\/wp.pestalozzi-gymnasium-heidenau.info\/index.php\/wp-json\/wp\/v2\/media?parent=322"}],"curies":[{"name":"wp","href":"https:\/\/api.w.org\/{rel}","templated":true}]}}