{"id":286,"date":"2015-11-18T17:40:28","date_gmt":"2015-11-18T16:40:28","guid":{"rendered":"http:\/\/www.sn.schule.de\/~gym-heidenau\/web\/?page_id=286"},"modified":"2016-01-31T12:03:52","modified_gmt":"2016-01-31T11:03:52","slug":"darstellendes-spiel-2","status":"publish","type":"page","link":"https:\/\/wp.pestalozzi-gymnasium-heidenau.info\/index.php\/darstellendes-spiel-2\/","title":{"rendered":"Darstellendes Spiel"},"content":{"rendered":"<h2>Exkursionstag f\u00fcr das Darstellende Spiel<\/h2>\n<div class=\"sidepicture\"><a href=\"http:\/\/www.pestalozzi-gymnasium-heidenau.info\/images\/dsp---masken-barockgarten.jpg\" target=\"_blank\"><img loading=\"lazy\" decoding=\"async\" src=\"http:\/\/www.pestalozzi-gymnasium-heidenau.info\/images\/dsp---masken-barockgarten_200.jpg\" alt=\"\" width=\"200\" height=\"112\" border=\"0\" \/><\/a><\/div>\n<p>Der Barockgarten Gro\u00dfsedlitz \u2013 ein wahrer Schatz in unserer N\u00e4he \u2013 \u00f6ffnete sich auch in diesem Jahr wieder im Juni f\u00fcr die Jahrgangsstufe 11 unseres Gymnasiums.<\/p>\n<p>Der F\u00e4cherverbindende Wahlgrundkurs Darstellendes Spiel genoss das Ambiente mit allen Sinnen und war beeindruckt von dessen barocker Sch\u00f6nheit.<\/p>\n<p>In Gruppenarbeit und an selbst gew\u00e4hlten Schaupl\u00e4tzen erprobten die Jugendlichen vor allem das Spiel au\u00dferhalb des gesch\u00fctzten Raumes und sammelten durch Kontakte mit Besuchern Erfahrungen im Stra\u00dfentheater.<\/p>\n<p>Im Vordergrund standen Neuheiten, wie das Gro\u00dfmaskenspiel, Arbeit mit T\u00fcchern und Netzen sowie Schl\u00e4uchen.<\/p>\n<p>Innerhalb kurzer Zeit waren alle Gruppen in der Lage, eine selbst erarbeitete Szene vorzuspielen und sich wirkungsvoll im Park zu pr\u00e4sentieren. Alle empfanden diesen Exkursionstag als Bereicherung und mancher entdeckte auch ein St\u00fcck Heimat, die ihm bisher verborgen geblieben war.<\/p>\n<p>Christiane Meck<\/p>\n","protected":false},"excerpt":{"rendered":"<p>Exkursionstag f\u00fcr das Darstellende Spiel Der Barockgarten Gro\u00dfsedlitz \u2013 ein wahrer Schatz in unserer N\u00e4he \u2013 \u00f6ffnete sich auch in diesem Jahr wieder im Juni f\u00fcr die Jahrgangsstufe 11 unseres Gymnasiums. Der F\u00e4cherverbindende Wahlgrundkurs Darstellendes Spiel genoss das Ambiente mit allen Sinnen und war beeindruckt von dessen barocker Sch\u00f6nheit. In Gruppenarbeit und an selbst gew\u00e4hlten Schaupl\u00e4tzen erprobten die Jugendlichen vor allem das Spiel au\u00dferhalb des gesch\u00fctzten Raumes und sammelten durch Kontakte mit Besuchern Erfahrungen im Stra\u00dfentheater. Im Vordergrund standen Neuheiten, wie das Gro\u00dfmaskenspiel, Arbeit mit T\u00fcchern und Netzen sowie Schl\u00e4uchen. Innerhalb kurzer Zeit waren alle Gruppen in der Lage, eine selbst erarbeitete Szene vorzuspielen und sich wirkungsvoll im Park zu pr\u00e4sentieren. Alle empfanden diesen Exkursionstag als Bereicherung und mancher entdeckte auch ein St\u00fcck Heimat, die ihm bisher verborgen geblieben war. Christiane Meck<\/p>\n","protected":false},"author":1,"featured_media":0,"parent":0,"menu_order":0,"comment_status":"closed","ping_status":"closed","template":"","meta":{"ngg_post_thumbnail":0,"footnotes":""},"class_list":["post-286","page","type-page","status-publish","hentry"],"rttpg_featured_image_url":null,"rttpg_author":{"display_name":"pattex","author_link":"https:\/\/wp.pestalozzi-gymnasium-heidenau.info\/index.php\/author\/pattex\/"},"rttpg_comment":0,"rttpg_category":null,"rttpg_excerpt":"Exkursionstag f\u00fcr das Darstellende Spiel Der Barockgarten Gro\u00dfsedlitz \u2013 ein wahrer Schatz in unserer N\u00e4he \u2013 \u00f6ffnete sich auch in diesem Jahr wieder im Juni f\u00fcr die Jahrgangsstufe 11 unseres Gymnasiums. Der F\u00e4cherverbindende Wahlgrundkurs Darstellendes Spiel genoss das Ambiente mit allen Sinnen und war beeindruckt von dessen barocker Sch\u00f6nheit. In Gruppenarbeit und an selbst gew\u00e4hlten&hellip;","_links":{"self":[{"href":"https:\/\/wp.pestalozzi-gymnasium-heidenau.info\/index.php\/wp-json\/wp\/v2\/pages\/286","targetHints":{"allow":["GET"]}}],"collection":[{"href":"https:\/\/wp.pestalozzi-gymnasium-heidenau.info\/index.php\/wp-json\/wp\/v2\/pages"}],"about":[{"href":"https:\/\/wp.pestalozzi-gymnasium-heidenau.info\/index.php\/wp-json\/wp\/v2\/types\/page"}],"author":[{"embeddable":true,"href":"https:\/\/wp.pestalozzi-gymnasium-heidenau.info\/index.php\/wp-json\/wp\/v2\/users\/1"}],"replies":[{"embeddable":true,"href":"https:\/\/wp.pestalozzi-gymnasium-heidenau.info\/index.php\/wp-json\/wp\/v2\/comments?post=286"}],"version-history":[{"count":0,"href":"https:\/\/wp.pestalozzi-gymnasium-heidenau.info\/index.php\/wp-json\/wp\/v2\/pages\/286\/revisions"}],"wp:attachment":[{"href":"https:\/\/wp.pestalozzi-gymnasium-heidenau.info\/index.php\/wp-json\/wp\/v2\/media?parent=286"}],"curies":[{"name":"wp","href":"https:\/\/api.w.org\/{rel}","templated":true}]}}