{"id":271,"date":"2015-11-18T17:36:11","date_gmt":"2015-11-18T16:36:11","guid":{"rendered":"http:\/\/www.sn.schule.de\/~gym-heidenau\/web\/?page_id=271"},"modified":"2017-08-31T17:40:40","modified_gmt":"2017-08-31T15:40:40","slug":"religion","status":"publish","type":"page","link":"https:\/\/wp.pestalozzi-gymnasium-heidenau.info\/index.php\/religion\/","title":{"rendered":"Evangelische Religion"},"content":{"rendered":"<p>\u201eReligion ist die Architektur, in der der Glaube des Einzelnen wohnt.\u201c Und jede gute Architektur will auch richtig verstanden werden.<\/p>\n<p>Im Mittelpunkt des Evangelischen Religionsunterrichtes steht deshalb das Christentum. Im Zentrum des christlichen Glaubens ist die Hoffnung auf die Erl\u00f6sung durch Gott in Jesus Christus. Auf dieser Grundlage werden Fragen m\u00f6glich: Fragen nach dem Woher und Wohin.<\/p>\n<p>Wahrheiten k\u00f6nnen anhand neuer Erkenntnisse hinterleuchtet werden.<\/p>\n<p>Die Wissenschaft nennt diesen Vorgang Hermeneutik. Der Evangelische Religionsunterricht hat es sich zur Aufgabe gemacht, diese Kompetenz zur Allgemeinbildung und Studierf\u00e4higkeit beizutragen.<\/p>\n<p>Daneben steht die ethische Urteilsf\u00e4higkeit in der Begegnung mit zentralen Alltagsthemen, anderen Religionen und Weltanschauungen. Hier verhilft das Fach zu neuem Wissen und verleiht so Sprachf\u00e4higkeit.<\/p>\n<p>Dabei geht es um alltagsf\u00e4higes Wissen, Toleranz und Eigenverantwortung.<\/p>\n<p>So hat jede Jahrgangsstufe einen inhaltlichen Schwerpunkt, der mit einer Exkursion oder durch die Begegnung mit einem namhaften Vertreter des Themas vertieft wird. Hier sind die Exkursionen ins Seelsorgezentrum des Universit\u00e4tsklinikums Carl Gustav Carus Dresden oder das Zeitzeugeninterview zum Thema \u201eKirche in der DDR\u201c als Beispiele zu nennen.<\/p>\n<p>Kleine Kursgr\u00f6\u00dfen beg\u00fcnstigen dabei auch Projekte wie \u201eThe Crux\u201c, einer Kreuzwegstation der besonderen Art, die von den Jahrgangsstufen 8 bis 10 f\u00fcr die J\u00fcngsten unserer Schule ausgearbeitet wurde.<\/p>\n<p>Die Sch\u00fclerinnen und Sch\u00fcler trainieren so ihre Reflexionsf\u00e4higkeit. Sie untersuchen in Diskursen, inwieweit die Angebote des christlichen Glaubens als religi\u00f6se Dimension in der heutigen Gesellschaft noch immer eine tragf\u00e4hige Rolle spielen \u2013 \u00fcber die Grenze von Jahrtausenden hinaus.<\/p>\n<p>&nbsp;<\/p>\n<p><img loading=\"lazy\" decoding=\"async\" class=\"alignnone size-full wp-image-4098\" src=\"http:\/\/wp.pestalozzi-gymnasium-heidenau.info\/wp-content\/uploads\/IMG-20170830-WA0000.jpg\" alt=\"\" height=\"942\" width=\"800\" srcset=\"https:\/\/wp.pestalozzi-gymnasium-heidenau.info\/wp-content\/uploads\/IMG-20170830-WA0000.jpg 800w, https:\/\/wp.pestalozzi-gymnasium-heidenau.info\/wp-content\/uploads\/IMG-20170830-WA0000-255x300.jpg 255w, https:\/\/wp.pestalozzi-gymnasium-heidenau.info\/wp-content\/uploads\/IMG-20170830-WA0000-230x271.jpg 230w, https:\/\/wp.pestalozzi-gymnasium-heidenau.info\/wp-content\/uploads\/IMG-20170830-WA0000-350x412.jpg 350w, https:\/\/wp.pestalozzi-gymnasium-heidenau.info\/wp-content\/uploads\/IMG-20170830-WA0000-480x565.jpg 480w\" sizes=\"auto, (max-width: 800px) 100vw, 800px\" \/><\/p>\n","protected":false},"excerpt":{"rendered":"<p>\u201eReligion ist die Architektur, in der der Glaube des Einzelnen wohnt.\u201c Und jede gute Architektur will auch richtig verstanden werden. Im Mittelpunkt des Evangelischen Religionsunterrichtes steht deshalb das Christentum. Im Zentrum des christlichen Glaubens ist die Hoffnung auf die Erl\u00f6sung durch Gott in Jesus Christus. Auf dieser Grundlage werden Fragen m\u00f6glich: Fragen nach dem Woher und Wohin. Wahrheiten k\u00f6nnen anhand neuer Erkenntnisse hinterleuchtet werden. Die Wissenschaft nennt diesen Vorgang Hermeneutik. Der Evangelische Religionsunterricht hat es sich zur Aufgabe gemacht, diese Kompetenz zur Allgemeinbildung und Studierf\u00e4higkeit beizutragen. Daneben steht die ethische Urteilsf\u00e4higkeit in der Begegnung mit zentralen Alltagsthemen, anderen Religionen und Weltanschauungen. Hier verhilft das Fach zu neuem Wissen und verleiht so Sprachf\u00e4higkeit. Dabei geht es um alltagsf\u00e4higes Wissen, Toleranz und Eigenverantwortung. So hat jede Jahrgangsstufe einen inhaltlichen Schwerpunkt, der mit einer Exkursion oder durch die Begegnung mit einem namhaften Vertreter des Themas vertieft wird. Hier sind die Exkursionen ins Seelsorgezentrum des Universit\u00e4tsklinikums Carl Gustav Carus Dresden oder das Zeitzeugeninterview zum Thema \u201eKirche in der DDR\u201c als Beispiele zu nennen. Kleine Kursgr\u00f6\u00dfen beg\u00fcnstigen dabei auch Projekte wie \u201eThe Crux\u201c, einer Kreuzwegstation der besonderen Art, die von den Jahrgangsstufen 8 bis 10 f\u00fcr die J\u00fcngsten unserer Schule ausgearbeitet wurde. Die Sch\u00fclerinnen und [&hellip;]<\/p>\n","protected":false},"author":1,"featured_media":0,"parent":0,"menu_order":0,"comment_status":"closed","ping_status":"closed","template":"","meta":{"ngg_post_thumbnail":0,"footnotes":""},"class_list":["post-271","page","type-page","status-publish","hentry"],"rttpg_featured_image_url":null,"rttpg_author":{"display_name":"pattex","author_link":"https:\/\/wp.pestalozzi-gymnasium-heidenau.info\/index.php\/author\/pattex\/"},"rttpg_comment":0,"rttpg_category":null,"rttpg_excerpt":"\u201eReligion ist die Architektur, in der der Glaube des Einzelnen wohnt.\u201c Und jede gute Architektur will auch richtig verstanden werden. Im Mittelpunkt des Evangelischen Religionsunterrichtes steht deshalb das Christentum. Im Zentrum des christlichen Glaubens ist die Hoffnung auf die Erl\u00f6sung durch Gott in Jesus Christus. Auf dieser Grundlage werden Fragen m\u00f6glich: Fragen nach dem Woher&hellip;","_links":{"self":[{"href":"https:\/\/wp.pestalozzi-gymnasium-heidenau.info\/index.php\/wp-json\/wp\/v2\/pages\/271","targetHints":{"allow":["GET"]}}],"collection":[{"href":"https:\/\/wp.pestalozzi-gymnasium-heidenau.info\/index.php\/wp-json\/wp\/v2\/pages"}],"about":[{"href":"https:\/\/wp.pestalozzi-gymnasium-heidenau.info\/index.php\/wp-json\/wp\/v2\/types\/page"}],"author":[{"embeddable":true,"href":"https:\/\/wp.pestalozzi-gymnasium-heidenau.info\/index.php\/wp-json\/wp\/v2\/users\/1"}],"replies":[{"embeddable":true,"href":"https:\/\/wp.pestalozzi-gymnasium-heidenau.info\/index.php\/wp-json\/wp\/v2\/comments?post=271"}],"version-history":[{"count":3,"href":"https:\/\/wp.pestalozzi-gymnasium-heidenau.info\/index.php\/wp-json\/wp\/v2\/pages\/271\/revisions"}],"predecessor-version":[{"id":4101,"href":"https:\/\/wp.pestalozzi-gymnasium-heidenau.info\/index.php\/wp-json\/wp\/v2\/pages\/271\/revisions\/4101"}],"wp:attachment":[{"href":"https:\/\/wp.pestalozzi-gymnasium-heidenau.info\/index.php\/wp-json\/wp\/v2\/media?parent=271"}],"curies":[{"name":"wp","href":"https:\/\/api.w.org\/{rel}","templated":true}]}}