{"id":240,"date":"2015-11-18T17:31:21","date_gmt":"2015-11-18T16:31:21","guid":{"rendered":"http:\/\/www.sn.schule.de\/~gym-heidenau\/web\/?page_id=240"},"modified":"2017-02-16T10:05:06","modified_gmt":"2017-02-16T08:05:06","slug":"chemie","status":"publish","type":"page","link":"https:\/\/wp.pestalozzi-gymnasium-heidenau.info\/index.php\/chemie\/","title":{"rendered":"Chemie"},"content":{"rendered":"<p>Die Sch\u00fcler erwerben im Fach Chemie Wissen \u00fcber Methoden des naturwissenschaftlichen Arbeitens und Experimentierens. Daf\u00fcr stehen uns zwei Fachr\u00e4ume und ein Labor zur Verf\u00fcgung.<\/p>\n<p><img loading=\"lazy\" decoding=\"async\" class=\"size-full wp-image-3637 alignleft\" src=\"http:\/\/wp.pestalozzi-gymnasium-heidenau.info\/wp-content\/uploads\/Homepage-Chemie-1-klein.jpg\" alt=\"\" width=\"591\" height=\"416\" srcset=\"https:\/\/wp.pestalozzi-gymnasium-heidenau.info\/wp-content\/uploads\/Homepage-Chemie-1-klein.jpg 591w, https:\/\/wp.pestalozzi-gymnasium-heidenau.info\/wp-content\/uploads\/Homepage-Chemie-1-klein-300x211.jpg 300w, https:\/\/wp.pestalozzi-gymnasium-heidenau.info\/wp-content\/uploads\/Homepage-Chemie-1-klein-230x162.jpg 230w, https:\/\/wp.pestalozzi-gymnasium-heidenau.info\/wp-content\/uploads\/Homepage-Chemie-1-klein-350x246.jpg 350w, https:\/\/wp.pestalozzi-gymnasium-heidenau.info\/wp-content\/uploads\/Homepage-Chemie-1-klein-480x338.jpg 480w\" sizes=\"auto, (max-width: 591px) 100vw, 591px\" \/>&nbsp;Wir legen im Chemieunterricht gro\u00dfen Wert auf das <strong>experimentelle Arbeiten<\/strong> und sind deshalb besonders dankbar daf\u00fcr, dass unser Gymnasium vom <strong>FONDS DER CHEMISCHEN INDUSTRIE<\/strong> im Verband der Chemischen Industrie e.V. schon dreimal finanzielle Mittel f\u00fcr den Ausbau des Experimentalunterrichts zur Verf\u00fcgung<br \/>\ngestellt bekommen hat (insgesamt <strong>7.000 \u20ac). <\/strong><\/p>\n<p>&nbsp;<\/p>\n<p>&nbsp;<\/p>\n<p>Davon haben wir unter anderem das Demonstrationsmessger\u00e4t \u201eALL-CHEM-Misst II\u201c und einen Arbeitsplatz \u201eEnergieumwandlung: Solar-Wasserstoff-Technologie\u201c angeschafft.<\/p>\n<p><img loading=\"lazy\" decoding=\"async\" class=\"size-full wp-image-3638 alignright\" src=\"http:\/\/wp.pestalozzi-gymnasium-heidenau.info\/wp-content\/uploads\/Homepage-Chemie-2-klein.jpg\" alt=\"\" width=\"591\" height=\"416\" srcset=\"https:\/\/wp.pestalozzi-gymnasium-heidenau.info\/wp-content\/uploads\/Homepage-Chemie-2-klein.jpg 591w, https:\/\/wp.pestalozzi-gymnasium-heidenau.info\/wp-content\/uploads\/Homepage-Chemie-2-klein-300x211.jpg 300w, https:\/\/wp.pestalozzi-gymnasium-heidenau.info\/wp-content\/uploads\/Homepage-Chemie-2-klein-230x162.jpg 230w, https:\/\/wp.pestalozzi-gymnasium-heidenau.info\/wp-content\/uploads\/Homepage-Chemie-2-klein-350x246.jpg 350w, https:\/\/wp.pestalozzi-gymnasium-heidenau.info\/wp-content\/uploads\/Homepage-Chemie-2-klein-480x338.jpg 480w\" sizes=\"auto, (max-width: 591px) 100vw, 591px\" \/><\/p>\n<p>&nbsp;<\/p>\n<p>&nbsp;<\/p>\n<p>&nbsp;<\/p>\n<p>&nbsp;<\/p>\n<p>Um Neuigkeiten der Chemie in Wirtschaft und Wissenschaft aus erster Hand&nbsp;zu erfahren, haben wir uns erfolgreich f\u00fcr den kostenlosen Zugang zur Zeitschrift <strong>Chemie in unserer Zeit (ChiuZ<\/strong>) beworben.<\/p>\n<p>&nbsp;<\/p>\n<p>&nbsp;<\/p>\n<p>&nbsp;<\/p>\n<p>Sch\u00fclern und Lehrern unserer Schule wird f\u00fcr drei Jahre die Zeitschrift \u201eChemie in unserer Zeit\u201c elektronisch zur Verf\u00fcgung gestellt. <a href=\"https:\/\/www.wiley-vch.de\/util\/schule\/\">www.wiley-vch.de\/util\/schule\/<\/a><br \/>\n<em>(Benutzerkonto und Kennwort werden vom Chemielehrer mitgeteilt, da Benutzer Angeh\u00f6rige der Schule sein m\u00fcssen.)<\/em><\/p>\n<p>So k\u00f6nnen wir jederzeit \u00fcber PC, Tablet und Smartphone auf die fundierten Inhalte leicht zugreifen und sie somit unmittelbar im Unterricht, f\u00fcr Vortr\u00e4ge und Facharbeiten verwenden.<\/p>\n<p>&nbsp;<\/p>\n<p><img loading=\"lazy\" decoding=\"async\" class=\"size-full wp-image-3632 alignright\" src=\"http:\/\/wp.pestalozzi-gymnasium-heidenau.info\/wp-content\/uploads\/1-11.jpg\" alt=\"\" width=\"350\" height=\"499\" srcset=\"https:\/\/wp.pestalozzi-gymnasium-heidenau.info\/wp-content\/uploads\/1-11.jpg 350w, https:\/\/wp.pestalozzi-gymnasium-heidenau.info\/wp-content\/uploads\/1-11-210x300.jpg 210w, https:\/\/wp.pestalozzi-gymnasium-heidenau.info\/wp-content\/uploads\/1-11-230x328.jpg 230w\" sizes=\"auto, (max-width: 350px) 100vw, 350px\" \/><\/p>\n<p><strong><em>Chemie in unserer Zeit<\/em><\/strong><em>&nbsp;<br \/>\n<\/em><em>informiert zuverl\u00e4ssig \u00fcber aktuelle<br \/>\nEntwicklungen aus der Chemie und <\/em><br \/>\n<em>&nbsp;ihren Nachbardisziplinen:<\/em><\/p>\n<ul>\n<li><em>wissenschaftliche \u00dcbersichten<\/em><\/li>\n<li><em>studienbegleitende Materialien<\/em><\/li>\n<li><em>nachvollziehbare Experimente<\/em><\/li>\n<li><em>brisante Themen aus der Umweltchemie<\/em><\/li>\n<li><em>gesellschaftliche Diskussionen<\/em><\/li>\n<\/ul>\n<p>Dar\u00fcber hinaus motivieren wir an der Chemie interessierte bzw. begabte Sch\u00fcler dazu, &nbsp;sich an verschiedenen <strong>Chemiewettbewerben <\/strong>&nbsp;zu beteiligen.<\/p>\n<p><img loading=\"lazy\" decoding=\"async\" class=\"size-full wp-image-3633 alignleft\" src=\"http:\/\/wp.pestalozzi-gymnasium-heidenau.info\/wp-content\/uploads\/2-1.jpg\" alt=\"\" width=\"437\" height=\"283\" srcset=\"https:\/\/wp.pestalozzi-gymnasium-heidenau.info\/wp-content\/uploads\/2-1.jpg 437w, https:\/\/wp.pestalozzi-gymnasium-heidenau.info\/wp-content\/uploads\/2-1-300x194.jpg 300w, https:\/\/wp.pestalozzi-gymnasium-heidenau.info\/wp-content\/uploads\/2-1-230x149.jpg 230w, https:\/\/wp.pestalozzi-gymnasium-heidenau.info\/wp-content\/uploads\/2-1-350x227.jpg 350w\" sizes=\"auto, (max-width: 437px) 100vw, 437px\" \/><\/p>\n<p>F\u00fcr <strong>Sch\u00fcler der Klassenstufen 5 bis 8<\/strong> besteht die M\u00f6glichkeit zur Teilnahme am Experimentalwettbewerb <a href=\"http:\/\/www.chemkids.de\"><strong>Chemkids<\/strong><\/a><strong>.<\/strong> <a href=\"http:\/\/www.chemkids.de\/\"><strong><em>www.chemkids.de\/<\/em><\/strong><\/a><\/p>\n<p>&nbsp;<\/p>\n<p>&nbsp;<\/p>\n<p>&nbsp;<\/p>\n<p>&nbsp;<\/p>\n<p>Zweimal j\u00e4hrlich wendet sich &#8222;Rundi&#8220; mit seinem Problem und der damit verbundenen experimentellen Aufgabe an die Sch\u00fcler aller Schularten der genannten Klassenstufen. Durch Variation in der Aufgabenstellung werden die unterschiedlichen Kenntnisse und F\u00e4higkeiten der Sch\u00fcler in den verschiedenen Jahrgangsstufen ber\u00fccksichtigt.<\/p>\n<p>&nbsp;<\/p>\n<p>&nbsp;<\/p>\n<p>&nbsp;<\/p>\n<p><img loading=\"lazy\" decoding=\"async\" class=\"size-full wp-image-3634 alignleft\" src=\"http:\/\/wp.pestalozzi-gymnasium-heidenau.info\/wp-content\/uploads\/3-1.jpg\" alt=\"\" width=\"400\" height=\"110\" srcset=\"https:\/\/wp.pestalozzi-gymnasium-heidenau.info\/wp-content\/uploads\/3-1.jpg 400w, https:\/\/wp.pestalozzi-gymnasium-heidenau.info\/wp-content\/uploads\/3-1-300x83.jpg 300w, https:\/\/wp.pestalozzi-gymnasium-heidenau.info\/wp-content\/uploads\/3-1-230x63.jpg 230w, https:\/\/wp.pestalozzi-gymnasium-heidenau.info\/wp-content\/uploads\/3-1-350x96.jpg 350w\" sizes=\"auto, (max-width: 400px) 100vw, 400px\" \/>Der Wettbewerb <strong>&#8222;Chemie &#8211; die stimmt!&#8220;<\/strong> richtet sich an <strong>Sch\u00fcler der 8.<\/strong> <strong>bis 10. Klassen<\/strong>, die Spa\u00df an der Chemie haben und sich mit Gleichaltrigen messen wollen. <a href=\"http:\/\/www.chemie-die-stimmt.de\"><strong><em>www.chemie-die-stimmt.de<\/em><\/strong><\/a> Der Wettbewerb besteht aus insgesamt drei Runden: einer Hausaufgabenrunde, einer eint\u00e4gigen, landesweiten Runde und einer mehrt\u00e4gigen, l\u00e4nder\u00fcbergreifenden 3. Runde. Die Besten einer Runde erhalten Preise und qualifizieren sich f\u00fcr die n\u00e4chste Runde. Dabei stehen in den einzelnen Runden sowohl Theorie als auch Praxis auf dem Programm.<\/p>\n<p>&nbsp;<\/p>\n<p>&nbsp;<\/p>\n<p><img loading=\"lazy\" decoding=\"async\" class=\"size-full wp-image-3635 alignleft\" src=\"http:\/\/wp.pestalozzi-gymnasium-heidenau.info\/wp-content\/uploads\/4.jpg\" alt=\"\" width=\"400\" height=\"400\" srcset=\"https:\/\/wp.pestalozzi-gymnasium-heidenau.info\/wp-content\/uploads\/4.jpg 400w, https:\/\/wp.pestalozzi-gymnasium-heidenau.info\/wp-content\/uploads\/4-150x150.jpg 150w, https:\/\/wp.pestalozzi-gymnasium-heidenau.info\/wp-content\/uploads\/4-300x300.jpg 300w, https:\/\/wp.pestalozzi-gymnasium-heidenau.info\/wp-content\/uploads\/4-230x230.jpg 230w, https:\/\/wp.pestalozzi-gymnasium-heidenau.info\/wp-content\/uploads\/4-350x350.jpg 350w\" sizes=\"auto, (max-width: 400px) 100vw, 400px\" \/><\/p>\n<p>Der bundesweite Wettbewerb <strong>DECHEMAX<\/strong> richtet sich an <strong>Teilnehmer der Jahrgangsstufe 7 bis 11. <\/strong><a href=\"http:\/\/www.dechemax.de\/wettbewerbe\"><em><b><span style=\"color: blue;\">www.dechemax.de\/wettbewerbe<\/span><\/b><\/em><\/a> Die Sch\u00fcler bilden Teams von drei bis f\u00fcnf Teilnehmern und nehmen \u00fcber das Internet am Wettbewerb teil. Der Wettbewerb beginnt immer im November. Jeden Donnerstag wird eine neue Aufgabe auf die Webseite gestellt, f\u00fcr deren Beantwortung dann in der Regel eine Woche Zeit ist.<\/p>\n<p>&nbsp;<\/p>\n<p>&nbsp;<\/p>\n<p>&nbsp;<\/p>\n<p>&nbsp;<\/p>\n<p>&nbsp;<\/p>\n<p>&nbsp;<\/p>\n<p>&nbsp;<\/p>\n<p>&nbsp;<\/p>\n<p><img loading=\"lazy\" decoding=\"async\" class=\"size-full wp-image-3636 alignleft\" src=\"http:\/\/wp.pestalozzi-gymnasium-heidenau.info\/wp-content\/uploads\/5.jpg\" alt=\"\" width=\"160\" height=\"160\" srcset=\"https:\/\/wp.pestalozzi-gymnasium-heidenau.info\/wp-content\/uploads\/5.jpg 160w, https:\/\/wp.pestalozzi-gymnasium-heidenau.info\/wp-content\/uploads\/5-150x150.jpg 150w\" sizes=\"auto, (max-width: 160px) 100vw, 160px\" \/><\/p>\n<p>Der anspruchsvollste Wettbewerb ist die <strong>Internationale Chemie-Olympiade IChO. <\/strong><a href=\"http:\/\/www.wettbewerbe.ipn.uni-kiel.de\/icho\"><strong><em>www.wettbewerbe.ipn.uni-kiel.de\/icho<\/em><\/strong><\/a><strong><em><br \/>\n<\/em><\/strong><\/p>\n<p>In Deutschland sind alle Sch\u00fclerinnen und Sch\u00fcler allgemein-bildender sowie weiterf\u00fchrender Schulen teilnahmeberechtigt, die das 20. Lebensjahr im Jahr des internationalen Wettbewerbs noch nicht vollendet haben. Das Auswahlverfahren erstreckt sich \u00fcber insgesamt vier Runden und dient dazu, bundesweit die besten vier Sch\u00fclerinnen und Sch\u00fcler zu finden, die als Mannschaft am internationalen Wettbewerb teilnehmen.<\/p>\n","protected":false},"excerpt":{"rendered":"<p>Die Sch\u00fcler erwerben im Fach Chemie Wissen \u00fcber Methoden des naturwissenschaftlichen Arbeitens und Experimentierens. Daf\u00fcr stehen uns zwei Fachr\u00e4ume und ein Labor zur Verf\u00fcgung. &nbsp;Wir legen im Chemieunterricht gro\u00dfen Wert auf das experimentelle Arbeiten und sind deshalb besonders dankbar daf\u00fcr, dass unser Gymnasium vom FONDS DER CHEMISCHEN INDUSTRIE im Verband der Chemischen Industrie e.V. schon dreimal finanzielle Mittel f\u00fcr den Ausbau des Experimentalunterrichts zur Verf\u00fcgung gestellt bekommen hat (insgesamt 7.000 \u20ac). &nbsp; &nbsp; Davon haben wir unter anderem das Demonstrationsmessger\u00e4t \u201eALL-CHEM-Misst II\u201c und einen Arbeitsplatz \u201eEnergieumwandlung: Solar-Wasserstoff-Technologie\u201c angeschafft. &nbsp; &nbsp; &nbsp; &nbsp; Um Neuigkeiten der Chemie in Wirtschaft und Wissenschaft aus erster Hand&nbsp;zu erfahren, haben wir uns erfolgreich f\u00fcr den kostenlosen Zugang zur Zeitschrift Chemie in unserer Zeit (ChiuZ) beworben. &nbsp; &nbsp; &nbsp; Sch\u00fclern und Lehrern unserer Schule wird f\u00fcr drei Jahre die Zeitschrift \u201eChemie in unserer Zeit\u201c elektronisch zur Verf\u00fcgung gestellt. www.wiley-vch.de\/util\/schule\/ (Benutzerkonto und Kennwort werden vom Chemielehrer mitgeteilt, da Benutzer Angeh\u00f6rige der Schule sein m\u00fcssen.) So k\u00f6nnen wir jederzeit \u00fcber PC, Tablet und Smartphone auf die fundierten Inhalte leicht zugreifen und sie somit unmittelbar im Unterricht, f\u00fcr Vortr\u00e4ge und Facharbeiten verwenden. &nbsp; Chemie in unserer Zeit&nbsp; informiert zuverl\u00e4ssig \u00fcber aktuelle Entwicklungen aus der Chemie und &nbsp;ihren Nachbardisziplinen: wissenschaftliche [&hellip;]<\/p>\n","protected":false},"author":1,"featured_media":0,"parent":0,"menu_order":0,"comment_status":"closed","ping_status":"closed","template":"","meta":{"ngg_post_thumbnail":0,"footnotes":""},"class_list":["post-240","page","type-page","status-publish","hentry"],"rttpg_featured_image_url":null,"rttpg_author":{"display_name":"pattex","author_link":"https:\/\/wp.pestalozzi-gymnasium-heidenau.info\/index.php\/author\/pattex\/"},"rttpg_comment":0,"rttpg_category":null,"rttpg_excerpt":"Die Sch\u00fcler erwerben im Fach Chemie Wissen \u00fcber Methoden des naturwissenschaftlichen Arbeitens und Experimentierens. Daf\u00fcr stehen uns zwei Fachr\u00e4ume und ein Labor zur Verf\u00fcgung. &nbsp;Wir legen im Chemieunterricht gro\u00dfen Wert auf das experimentelle Arbeiten und sind deshalb besonders dankbar daf\u00fcr, dass unser Gymnasium vom FONDS DER CHEMISCHEN INDUSTRIE im Verband der Chemischen Industrie e.V. schon&hellip;","_links":{"self":[{"href":"https:\/\/wp.pestalozzi-gymnasium-heidenau.info\/index.php\/wp-json\/wp\/v2\/pages\/240","targetHints":{"allow":["GET"]}}],"collection":[{"href":"https:\/\/wp.pestalozzi-gymnasium-heidenau.info\/index.php\/wp-json\/wp\/v2\/pages"}],"about":[{"href":"https:\/\/wp.pestalozzi-gymnasium-heidenau.info\/index.php\/wp-json\/wp\/v2\/types\/page"}],"author":[{"embeddable":true,"href":"https:\/\/wp.pestalozzi-gymnasium-heidenau.info\/index.php\/wp-json\/wp\/v2\/users\/1"}],"replies":[{"embeddable":true,"href":"https:\/\/wp.pestalozzi-gymnasium-heidenau.info\/index.php\/wp-json\/wp\/v2\/comments?post=240"}],"version-history":[{"count":3,"href":"https:\/\/wp.pestalozzi-gymnasium-heidenau.info\/index.php\/wp-json\/wp\/v2\/pages\/240\/revisions"}],"predecessor-version":[{"id":3641,"href":"https:\/\/wp.pestalozzi-gymnasium-heidenau.info\/index.php\/wp-json\/wp\/v2\/pages\/240\/revisions\/3641"}],"wp:attachment":[{"href":"https:\/\/wp.pestalozzi-gymnasium-heidenau.info\/index.php\/wp-json\/wp\/v2\/media?parent=240"}],"curies":[{"name":"wp","href":"https:\/\/api.w.org\/{rel}","templated":true}]}}