{"id":1987,"date":"2016-01-30T22:50:43","date_gmt":"2016-01-30T21:50:43","guid":{"rendered":"http:\/\/wp.pestalozzi-gymnasium-heidenau.info\/?page_id=1987"},"modified":"2016-06-21T13:32:26","modified_gmt":"2016-06-21T11:32:26","slug":"beitraege","status":"publish","type":"page","link":"https:\/\/wp.pestalozzi-gymnasium-heidenau.info\/index.php\/beitraege\/","title":{"rendered":"Beitragsarchiv"},"content":{"rendered":"<p>Beitr\u00e4ge in der Kategorie Veranstaltungen<\/p>\n<ul class=\"lcp_catlist\" id=\"lcp_instance_0\"><li><a href=\"https:\/\/wp.pestalozzi-gymnasium-heidenau.info\/index.php\/2026\/03\/12\/benefizkonzert-2\/\">Benefizkonzert<\/a><\/li><li><a href=\"https:\/\/wp.pestalozzi-gymnasium-heidenau.info\/index.php\/2025\/12\/15\/weihnachtssingen-2025\/\">Weihnachtssingen 2025<\/a><\/li><li><a href=\"https:\/\/wp.pestalozzi-gymnasium-heidenau.info\/index.php\/2024\/12\/19\/weihnachtssingen-2024\/\">Weihnachtssingen 2024<\/a><\/li><li><a href=\"https:\/\/wp.pestalozzi-gymnasium-heidenau.info\/index.php\/2024\/06\/19\/schulfest-2024\/\">Schulfest 2024<\/a><\/li><li><a href=\"https:\/\/wp.pestalozzi-gymnasium-heidenau.info\/index.php\/2024\/03\/27\/benefizkonzert-2024-update\/\">Benefizkonzert 2024 &#8211; Update!<\/a><\/li><li><a href=\"https:\/\/wp.pestalozzi-gymnasium-heidenau.info\/index.php\/2024\/03\/23\/benefizkonzert-2024\/\">Benefizkonzert 2024<\/a><\/li><li><a href=\"https:\/\/wp.pestalozzi-gymnasium-heidenau.info\/index.php\/2023\/12\/15\/weihnachtssingen-2023-livestream\/\">Weihnachtssingen 2023<\/a><\/li><\/ul>\n<p>Beitr\u00e4ge in der Kategorie Neuigkeiten<\/p>\n<ul class=\"lcp_catlist\" id=\"lcp_instance_0\"><li><a href=\"https:\/\/wp.pestalozzi-gymnasium-heidenau.info\/index.php\/2026\/04\/20\/telefonumstellung\/\">Telefonumstellung<\/a><\/li><li><a href=\"https:\/\/wp.pestalozzi-gymnasium-heidenau.info\/index.php\/2026\/03\/04\/jugend-forscht-36-regionalwettbewerb-dresden-ostsachsen\/\">Jugend forscht \u2013 36. Regionalwettbewerb Dresden\/Ostsachsen<\/a><\/li><li><a href=\"https:\/\/wp.pestalozzi-gymnasium-heidenau.info\/index.php\/2026\/02\/10\/tag-der-offenen-tuer-2026\/\">Tag der offenen T\u00fcr 2026<\/a><\/li><li><a href=\"https:\/\/wp.pestalozzi-gymnasium-heidenau.info\/index.php\/2026\/02\/05\/aenderung-anmeldezeiten-kuenftige-klasse-5\/\">\u00c4NDERUNG ANMELDEZEITEN K\u00dcNFTIGE KLASSE 5!<\/a><\/li><li><a href=\"https:\/\/wp.pestalozzi-gymnasium-heidenau.info\/index.php\/2026\/02\/03\/defibrillatoren-fuers-pesta\/\">Defibrillatoren f\u00fcrs Pesta<\/a><\/li><li><a href=\"https:\/\/wp.pestalozzi-gymnasium-heidenau.info\/index.php\/2026\/01\/29\/karrieremania-am-pesta\/\">Karrieremania am Pesta<\/a><\/li><li><a href=\"https:\/\/wp.pestalozzi-gymnasium-heidenau.info\/index.php\/2026\/01\/29\/kinoerlebnis-der-klassenstufe-11\/\">Kinoerlebnis der Klassenstufe 11<\/a><\/li><li><a href=\"https:\/\/wp.pestalozzi-gymnasium-heidenau.info\/index.php\/2026\/01\/27\/tag-der-offenen-tuer-2\/\">Tag der Offenen T\u00fcr<\/a><\/li><li><a href=\"https:\/\/wp.pestalozzi-gymnasium-heidenau.info\/index.php\/2026\/01\/21\/exkursion-zum-mdr\/\">Exkursion zum MDR<\/a><\/li><li><a href=\"https:\/\/wp.pestalozzi-gymnasium-heidenau.info\/index.php\/2026\/01\/21\/einweihung-azubi-display\/\">Einweihung Azubi-Display<\/a><\/li><li><a href=\"https:\/\/wp.pestalozzi-gymnasium-heidenau.info\/index.php\/2026\/01\/21\/lehrerstreik-am-freitag-23-01-2026\/\">Lehrerstreik am Freitag, 23.01.2026<\/a><\/li><li><a href=\"https:\/\/wp.pestalozzi-gymnasium-heidenau.info\/index.php\/2026\/01\/14\/karrieremania-2\/\">Karrieremania<\/a><\/li><li><a href=\"https:\/\/wp.pestalozzi-gymnasium-heidenau.info\/index.php\/2026\/01\/12\/zukunftstag\/\">Zukunftstag<\/a><\/li><li><a href=\"https:\/\/wp.pestalozzi-gymnasium-heidenau.info\/index.php\/2026\/01\/12\/achtung\/\">ACHTUNG!<\/a><\/li><li><a href=\"https:\/\/wp.pestalozzi-gymnasium-heidenau.info\/index.php\/2026\/01\/07\/tag-der-offenen-tuer\/\">Tag der offenen T\u00fcr<\/a><\/li><li><a href=\"https:\/\/wp.pestalozzi-gymnasium-heidenau.info\/index.php\/2025\/12\/15\/weihnachtssingen-2025\/\">Weihnachtssingen 2025<\/a><\/li><li><a href=\"https:\/\/wp.pestalozzi-gymnasium-heidenau.info\/index.php\/2025\/12\/04\/protestaktionen-am-05-12-25\/\">Protestaktionen am 05.12.25<\/a><\/li><li><a href=\"https:\/\/wp.pestalozzi-gymnasium-heidenau.info\/index.php\/2025\/11\/11\/lernsax\/\">Lernsax&#8230;<\/a><\/li><li><a href=\"https:\/\/wp.pestalozzi-gymnasium-heidenau.info\/index.php\/2025\/10\/01\/karrieremania\/\">Karrieremania<\/a><\/li><li><a href=\"https:\/\/wp.pestalozzi-gymnasium-heidenau.info\/index.php\/2025\/09\/18\/telefonstoerung\/\">Telefonst\u00f6rung<\/a><\/li><li><a href=\"https:\/\/wp.pestalozzi-gymnasium-heidenau.info\/index.php\/2025\/09\/11\/start-gta-2\/\">Start GTA<\/a><\/li><li><a href=\"https:\/\/wp.pestalozzi-gymnasium-heidenau.info\/index.php\/2025\/09\/05\/der-kleine-prinz\/\">Der kleine Prinz<\/a><\/li><li><a href=\"https:\/\/wp.pestalozzi-gymnasium-heidenau.info\/index.php\/2025\/09\/04\/camera-set-lighting-set-sound-set-action-our-bbc-workshop-adventure\/\">Camera set? Lighting set? Sound set? ACTION! \u2013 Our BBC Workshop Adventure<\/a><\/li><li><a href=\"https:\/\/wp.pestalozzi-gymnasium-heidenau.info\/index.php\/2025\/08\/26\/gta-schnuppertag\/\">GTA Schnuppertag<\/a><\/li><li><a href=\"https:\/\/wp.pestalozzi-gymnasium-heidenau.info\/index.php\/2025\/08\/19\/wichtige-termine-im-schuljahr-2025-26\/\">wichtige Termine im Schuljahr 2025\/26<\/a><\/li><li><a href=\"https:\/\/wp.pestalozzi-gymnasium-heidenau.info\/index.php\/2025\/08\/11\/verkuerzter-unterricht-3\/\">verk\u00fcrzter Unterricht<\/a><\/li><li><a href=\"https:\/\/wp.pestalozzi-gymnasium-heidenau.info\/index.php\/2025\/08\/08\/eltern-schuelerbrief-zum-beginn-des-schuljahres-2025-2026\/\">Eltern-\/Sch\u00fclerbrief zum Beginn des Schuljahres 2025\/2026<\/a><\/li><li><a href=\"https:\/\/wp.pestalozzi-gymnasium-heidenau.info\/index.php\/2025\/07\/09\/schulfest-2025\/\">Schulfest 2025<\/a><\/li><li><a href=\"https:\/\/wp.pestalozzi-gymnasium-heidenau.info\/index.php\/2025\/06\/03\/planmaessige-stromabschaltung\/\">planm\u00e4\u00dfige Stromabschaltung<\/a><\/li><li><a href=\"https:\/\/wp.pestalozzi-gymnasium-heidenau.info\/index.php\/2025\/05\/10\/besuch-der-staatsministerin-fuer-infrarstruktur-und-landesentwicklung-am-pestalozzi-gymnasium-heidenau\/\">Besuch der Staatsministerin f\u00fcr Infrarstruktur und Landesentwicklung am Pestalozzi &#8211; Gymnasium Heidenau<\/a><\/li><li><a href=\"https:\/\/wp.pestalozzi-gymnasium-heidenau.info\/index.php\/2025\/05\/07\/bildungsticket-2\/\">BildungsTicket<\/a><\/li><li><a href=\"https:\/\/wp.pestalozzi-gymnasium-heidenau.info\/index.php\/2025\/02\/10\/krankmeldungen\/\">Krankmeldungen<\/a><\/li><li><a href=\"https:\/\/wp.pestalozzi-gymnasium-heidenau.info\/index.php\/2025\/02\/10\/tag-der-offenen-tuer-2025\/\">Tag der offenen T\u00fcr 2025<\/a><\/li><li><a href=\"https:\/\/wp.pestalozzi-gymnasium-heidenau.info\/index.php\/2024\/12\/19\/weihnachtsgruesse-2\/\">Weihnachtsgr\u00fc\u00dfe<\/a><\/li><li><a href=\"https:\/\/wp.pestalozzi-gymnasium-heidenau.info\/index.php\/2024\/11\/18\/pestaballer-erneut-erfolgreich-beim-kreisfinale\/\">Pestaballer erneut erfolgreich beim Kreisfinale<\/a><\/li><li><a href=\"https:\/\/wp.pestalozzi-gymnasium-heidenau.info\/index.php\/2024\/11\/05\/besuch-beim-mitteldeutschen-rundfunk\/\">Besuch beim Mitteldeutschen Rundfunk<\/a><\/li><li><a href=\"https:\/\/wp.pestalozzi-gymnasium-heidenau.info\/index.php\/2024\/09\/19\/genialsozial\/\">genialsozial<\/a><\/li><li><a href=\"https:\/\/wp.pestalozzi-gymnasium-heidenau.info\/index.php\/2024\/09\/06\/ausschreibung-zur-durchfuehrung-eines-foerderangebotes\/\">Ausschreibung zur Durchf\u00fchrung eines F\u00f6rderangebotes<\/a><\/li><li><a href=\"https:\/\/wp.pestalozzi-gymnasium-heidenau.info\/index.php\/2024\/09\/02\/verkuerzter-unterricht-2\/\">verk\u00fcrzter Unterricht<\/a><\/li><li><a href=\"https:\/\/wp.pestalozzi-gymnasium-heidenau.info\/index.php\/2024\/08\/30\/start-gta\/\">Start GTA<\/a><\/li><li><a href=\"https:\/\/wp.pestalozzi-gymnasium-heidenau.info\/index.php\/2024\/08\/17\/ganztagsangebot-schnuppertag\/\">Ganztagsangebot Schnuppertag<\/a><\/li><li><a href=\"https:\/\/wp.pestalozzi-gymnasium-heidenau.info\/index.php\/2024\/08\/09\/ausschreibung-zur-durchfuehrung-von-ganztagesangeboten\/\">Ausschreibung zur Durchf\u00fchrung von Ganztagesangeboten<\/a><\/li><li><a href=\"https:\/\/wp.pestalozzi-gymnasium-heidenau.info\/index.php\/2024\/08\/06\/verkuerzter-unterricht\/\">verk\u00fcrzter Unterricht<\/a><\/li><li><a href=\"https:\/\/wp.pestalozzi-gymnasium-heidenau.info\/index.php\/2024\/08\/02\/elternbrief-zum-beginn-des-schuljahres-2024-2025\/\">Elternbrief zum Beginn des Schuljahres 2024\/2025<\/a><\/li><li><a href=\"https:\/\/wp.pestalozzi-gymnasium-heidenau.info\/index.php\/2024\/06\/19\/schulfest-2024\/\">Schulfest 2024<\/a><\/li><li><a href=\"https:\/\/wp.pestalozzi-gymnasium-heidenau.info\/index.php\/2024\/06\/10\/elternbrief\/\">Elternbrief<\/a><\/li><li><a href=\"https:\/\/wp.pestalozzi-gymnasium-heidenau.info\/index.php\/2024\/05\/15\/einladung-zur-europawahl-2024\/\">Einladung zur Europawahl 2024<\/a><\/li><li><a href=\"https:\/\/wp.pestalozzi-gymnasium-heidenau.info\/index.php\/2024\/05\/05\/sommerkonzerte-des-jugendchores\/\">Sommerkonzerte des Jugendchores<\/a><\/li><li><a href=\"https:\/\/wp.pestalozzi-gymnasium-heidenau.info\/index.php\/2024\/04\/29\/1-platz\/\">1.Platz<\/a><\/li><li><a href=\"https:\/\/wp.pestalozzi-gymnasium-heidenau.info\/index.php\/2024\/04\/26\/bildungsticket\/\">Bildungsticket<\/a><\/li><li><a href=\"https:\/\/wp.pestalozzi-gymnasium-heidenau.info\/index.php\/2024\/03\/23\/benefizkonzert-2024\/\">Benefizkonzert 2024<\/a><\/li><li><a href=\"https:\/\/wp.pestalozzi-gymnasium-heidenau.info\/index.php\/2024\/03\/14\/benefizkonzert\/\">Benefizkonzert<\/a><\/li><li><a href=\"https:\/\/wp.pestalozzi-gymnasium-heidenau.info\/index.php\/2024\/03\/14\/fosisy-bitte-was\/\">FoSiSy \u2013 Bitte was?!<\/a><\/li><li><a href=\"https:\/\/wp.pestalozzi-gymnasium-heidenau.info\/index.php\/2024\/02\/01\/information-zum-02-02-2024\/\">Information zum 02.02.2024<\/a><\/li><li><a href=\"https:\/\/wp.pestalozzi-gymnasium-heidenau.info\/index.php\/2024\/02\/01\/tag-der-offenen-tuer-2024\/\">Tag der offenen T\u00fcr 2024<\/a><\/li><li><a href=\"https:\/\/wp.pestalozzi-gymnasium-heidenau.info\/index.php\/2024\/01\/14\/danke-an-alle-spender\/\">Danke an alle Spender<\/a><\/li><li><a href=\"https:\/\/wp.pestalozzi-gymnasium-heidenau.info\/index.php\/2024\/01\/06\/profilwahl-fuer-die-jahrgangsstufe-7\/\">Profilwahl f\u00fcr die Jahrgangsstufe 7<\/a><\/li><li><a href=\"https:\/\/wp.pestalozzi-gymnasium-heidenau.info\/index.php\/2024\/01\/05\/information-zum-08-01-2024\/\">Information zum 08.01.2024<\/a><\/li><li><a href=\"https:\/\/wp.pestalozzi-gymnasium-heidenau.info\/index.php\/2024\/01\/03\/richtig-unfair-so-diskriminierend-kann-ki-sein\/\">Richtig unfair?! So diskriminierend kann KI sein<\/a><\/li><li><a href=\"https:\/\/wp.pestalozzi-gymnasium-heidenau.info\/index.php\/2023\/12\/19\/weihnachtsgruesse\/\">Weihnachtsgr\u00fc\u00dfe<\/a><\/li><li><a href=\"https:\/\/wp.pestalozzi-gymnasium-heidenau.info\/index.php\/2023\/12\/18\/information-zum-22-12-2023\/\">Information zum 22.12.2023<\/a><\/li><li><a href=\"https:\/\/wp.pestalozzi-gymnasium-heidenau.info\/index.php\/2023\/12\/15\/weihnachtssingen-2023-livestream\/\">Weihnachtssingen 2023<\/a><\/li><li><a href=\"https:\/\/wp.pestalozzi-gymnasium-heidenau.info\/index.php\/2023\/12\/04\/warnstreik-2\/\">Warnstreik<\/a><\/li><li><a href=\"https:\/\/wp.pestalozzi-gymnasium-heidenau.info\/index.php\/2023\/11\/24\/warnstreik\/\">Warnstreik<\/a><\/li><li><a href=\"https:\/\/wp.pestalozzi-gymnasium-heidenau.info\/index.php\/2023\/11\/08\/pesta-als-sportfreundliche-schule-ausgezeichnet\/\">Pesta als \u201eSportfreundliche Schule\u201c ausgezeichnet<\/a><\/li><li><a href=\"https:\/\/wp.pestalozzi-gymnasium-heidenau.info\/index.php\/2023\/11\/02\/exkursion-zum-mitteldeutschen-rundfunk\/\">Exkursion zum Mitteldeutschen Rundfunk<\/a><\/li><li><a href=\"https:\/\/wp.pestalozzi-gymnasium-heidenau.info\/index.php\/2023\/10\/16\/serverwartung\/\">Serverwartung<\/a><\/li><li><a href=\"https:\/\/wp.pestalozzi-gymnasium-heidenau.info\/index.php\/2023\/09\/18\/erneute-auszeichnung-als-mint-freundliche-schule-2\/\">Erneute Auszeichnung als \u201eMINT-freundliche Schule\u201c<\/a><\/li><\/ul>\n<p>Beitr\u00e4ge in der Kategorie Sport<\/p>\n<ul class=\"lcp_catlist\" id=\"lcp_instance_0\"><li><a href=\"https:\/\/wp.pestalozzi-gymnasium-heidenau.info\/index.php\/2026\/04\/21\/ergorudern\/\">Ergorudern<\/a><\/li><li><a href=\"https:\/\/wp.pestalozzi-gymnasium-heidenau.info\/index.php\/2026\/04\/17\/landesfinale-2026-im-handball-u18\/\">Landesfinale 2026 im Handball U18<\/a><\/li><li><a href=\"https:\/\/wp.pestalozzi-gymnasium-heidenau.info\/index.php\/2026\/04\/17\/skilager-2026-am-klausberg\/\">Skilager 2026 am Klausberg<\/a><\/li><li><a href=\"https:\/\/wp.pestalozzi-gymnasium-heidenau.info\/index.php\/2026\/03\/04\/spannendes-regionalfinale-2\/\">Spannendes Regionalfinale:<\/a><\/li><li><a href=\"https:\/\/wp.pestalozzi-gymnasium-heidenau.info\/index.php\/2026\/02\/03\/ergebnisse-der-xix-olympischen-hallenwinterspiele-der-5-klassen\/\">Ergebnisse der XIX. Olympischen Hallenwinterspiele der 5. Klassen<\/a><\/li><li><a href=\"https:\/\/wp.pestalozzi-gymnasium-heidenau.info\/index.php\/2026\/02\/03\/regionalfinale-floorball\/\">Regionalfinale Floorball<\/a><\/li><li><a href=\"https:\/\/wp.pestalozzi-gymnasium-heidenau.info\/index.php\/2026\/01\/29\/spannendes-regionalfinale\/\">Spannendes Regionalfinale<\/a><\/li><li><a href=\"https:\/\/wp.pestalozzi-gymnasium-heidenau.info\/index.php\/2026\/01\/23\/xix-olympische-hallenwinterspiele-ein-sportliches-highlight-der-5-klassen\/\">XIX. Olympische Hallenwinterspiele: Ein sportliches Highlight der 5. Klassen<\/a><\/li><li><a href=\"https:\/\/wp.pestalozzi-gymnasium-heidenau.info\/index.php\/2026\/01\/12\/euro-turnier-volleyball\/\">Euro \u2013 Turnier (Volleyball)<\/a><\/li><li><a href=\"https:\/\/wp.pestalozzi-gymnasium-heidenau.info\/index.php\/2025\/12\/07\/bis-zum-ende-gekaempft\/\">Bis zum Ende gek\u00e4mpft<\/a><\/li><li><a href=\"https:\/\/wp.pestalozzi-gymnasium-heidenau.info\/index.php\/2025\/11\/30\/regionalfinale-2025-in-der-u20-beim-basketball\/\">Regionalfinale 2025 in der U20 beim Basketball<\/a><\/li><li><a href=\"https:\/\/wp.pestalozzi-gymnasium-heidenau.info\/index.php\/2025\/11\/25\/volleyball-euroturnier-2025\/\">Volleyball Euroturnier 2025<\/a><\/li><li><a href=\"https:\/\/wp.pestalozzi-gymnasium-heidenau.info\/index.php\/2025\/11\/16\/kreisfinale-2025-in-der-u20-und-u18-beim-basketball\/\">Kreisfinale 2025 in der U20 und U18 beim Basketball<\/a><\/li><li><a href=\"https:\/\/wp.pestalozzi-gymnasium-heidenau.info\/index.php\/2025\/09\/23\/jugend-trainiert-fuer-olympia-3\/\">Jugend trainiert f\u00fcr Olympia<\/a><\/li><li><a href=\"https:\/\/wp.pestalozzi-gymnasium-heidenau.info\/index.php\/2025\/09\/19\/leichtathleten-erfolgreich-4\/\">Leichtathleten erfolgreich!<\/a><\/li><li><a href=\"https:\/\/wp.pestalozzi-gymnasium-heidenau.info\/index.php\/2025\/06\/12\/jugend-trainiert-fuer-olympia-2\/\">Jugend trainiert f\u00fcr Olympia<\/a><\/li><li><a href=\"https:\/\/wp.pestalozzi-gymnasium-heidenau.info\/index.php\/2025\/06\/03\/beachvolleyballer-siegten\/\">Beachvolleyballer siegten!<\/a><\/li><li><a href=\"https:\/\/wp.pestalozzi-gymnasium-heidenau.info\/index.php\/2025\/05\/27\/leichtathleten-erfolgreich-3\/\">Leichtathleten erfolgreich!<\/a><\/li><li><a href=\"https:\/\/wp.pestalozzi-gymnasium-heidenau.info\/index.php\/2025\/05\/22\/erfahrungen-gesammelt-gegen-ganz-starke-teams\/\">Erfahrungen gesammelt gegen ganz starke Teams<\/a><\/li><li><a href=\"https:\/\/wp.pestalozzi-gymnasium-heidenau.info\/index.php\/2025\/05\/04\/pesta-ruderer-erneut-erfolgreich-2\/\">Pesta-Ruderer erneut erfolgreich<\/a><\/li><li><a href=\"https:\/\/wp.pestalozzi-gymnasium-heidenau.info\/index.php\/2025\/03\/13\/einen-4-platz-erkaempften\/\">Einen 4. Platz erk\u00e4mpften\u2026<\/a><\/li><li><a href=\"https:\/\/wp.pestalozzi-gymnasium-heidenau.info\/index.php\/2024\/12\/02\/euroturnier\/\">Euroturnier<\/a><\/li><li><a href=\"https:\/\/wp.pestalozzi-gymnasium-heidenau.info\/index.php\/2024\/11\/18\/pestaballer-erneut-erfolgreich-beim-kreisfinale\/\">Pestaballer erneut erfolgreich beim Kreisfinale<\/a><\/li><li><a href=\"https:\/\/wp.pestalozzi-gymnasium-heidenau.info\/index.php\/2024\/09\/24\/regionalfinale-im-fussball-jungen-wk-ii\/\">Regionalfinale im Fu\u00dfball, Jungen WK II<\/a><\/li><li><a href=\"https:\/\/wp.pestalozzi-gymnasium-heidenau.info\/index.php\/2024\/05\/31\/leichtathleten-erfolgreich-2\/\">Leichtathleten erfolgreich!<\/a><\/li><li><a href=\"https:\/\/wp.pestalozzi-gymnasium-heidenau.info\/index.php\/2024\/04\/24\/landesmeister-2024-in-der-wk-ii-beim-handball\/\">Landesmeister 2024 in der WK II beim Handball<\/a><\/li><li><a href=\"https:\/\/wp.pestalozzi-gymnasium-heidenau.info\/index.php\/2024\/03\/26\/pesta-teams-raeumten-beim-ergometerrudern-ab\/\">Pesta-Teams r\u00e4umten beim Ergometerrudern ab<\/a><\/li><li><a href=\"https:\/\/wp.pestalozzi-gymnasium-heidenau.info\/index.php\/2024\/03\/04\/bericht-jugend-trainiert-fuer-olympia\/\">Bericht Jugend trainiert f\u00fcr Olympia<\/a><\/li><li><a href=\"https:\/\/wp.pestalozzi-gymnasium-heidenau.info\/index.php\/2024\/01\/03\/volleyball-weihnachtsturnier-2023\/\">Volleyball &#8211; Weihnachtsturnier 2023<\/a><\/li><li><a href=\"https:\/\/wp.pestalozzi-gymnasium-heidenau.info\/index.php\/2023\/11\/17\/pestaballer-erfolgreich-beim-kreisfinale\/\">&#8222;Pestaballer&#8220; erfolgreich beim Kreisfinale<\/a><\/li><li><a href=\"https:\/\/wp.pestalozzi-gymnasium-heidenau.info\/index.php\/2023\/11\/14\/euroturnier-2023\/\">Euroturnier 2023<\/a><\/li><li><a href=\"https:\/\/wp.pestalozzi-gymnasium-heidenau.info\/index.php\/2023\/09\/29\/leichtathleten-erfolgreich\/\">Leichtathleten erfolgreich!<\/a><\/li><li><a href=\"https:\/\/wp.pestalozzi-gymnasium-heidenau.info\/index.php\/2023\/09\/25\/jugend-trainiert-fuer-olympia\/\">JUGEND TRAINIERT F\u00dcR OLYMPIA<\/a><\/li><\/ul>\n<p>Beitr\u00e4ge in der Kategorie Musik<\/p>\n<ul class=\"lcp_catlist\" id=\"lcp_instance_0\"><li><a href=\"https:\/\/wp.pestalozzi-gymnasium-heidenau.info\/index.php\/2025\/11\/25\/highlights-zu-weihnachten\/\">Highlights zu Weihnachten<\/a><\/li><li><a href=\"https:\/\/wp.pestalozzi-gymnasium-heidenau.info\/index.php\/2025\/07\/09\/jugendchor-trifft-bergsteigerchor\/\">Jugendchor trifft Bergsteigerchor<\/a><\/li><li><a href=\"https:\/\/wp.pestalozzi-gymnasium-heidenau.info\/index.php\/2025\/05\/25\/die-stimme-instrument-des-jahres-2025\/\">Die Stimme: Instrument des Jahres 2025<\/a><\/li><li><a href=\"https:\/\/wp.pestalozzi-gymnasium-heidenau.info\/index.php\/2025\/05\/07\/konzert-des-jugendchores-imkulturpalast\/\">Konzert des Jugendchores im<br>Kulturpalast<\/a><\/li><li><a href=\"https:\/\/wp.pestalozzi-gymnasium-heidenau.info\/index.php\/2024\/11\/25\/gospel-meets-christmas\/\">Gospel meets Christmas<\/a><\/li><li><a href=\"https:\/\/wp.pestalozzi-gymnasium-heidenau.info\/index.php\/2024\/05\/05\/sommerkonzerte-des-jugendchores\/\">Sommerkonzerte des Jugendchores<\/a><\/li><li><a href=\"https:\/\/wp.pestalozzi-gymnasium-heidenau.info\/index.php\/2023\/11\/24\/halleluja-und-hosianna\/\">Halleluja und Hosianna<\/a><\/li><li><a href=\"https:\/\/wp.pestalozzi-gymnasium-heidenau.info\/index.php\/2023\/11\/08\/2-symposium-saechsische-schulchoere\/\">2. Symposium \u201eS\u00e4chsische Schulch\u00f6re\u201c<\/a><\/li><\/ul>\n<p>Beitr\u00e4ge in der Kategorie F\u00f6rderverein<\/p>\n<ul class=\"lcp_catlist\" id=\"lcp_instance_0\"><\/ul>\n","protected":false},"excerpt":{"rendered":"<p>Beitr\u00e4ge in der Kategorie Veranstaltungen Beitr\u00e4ge in der Kategorie Neuigkeiten Beitr\u00e4ge in der Kategorie Sport Beitr\u00e4ge in der Kategorie Musik Beitr\u00e4ge in der Kategorie F\u00f6rderverein<\/p>\n","protected":false},"author":1,"featured_media":0,"parent":0,"menu_order":0,"comment_status":"closed","ping_status":"closed","template":"","meta":{"ngg_post_thumbnail":0,"footnotes":""},"class_list":["post-1987","page","type-page","status-publish","hentry"],"rttpg_featured_image_url":null,"rttpg_author":{"display_name":"pattex","author_link":"https:\/\/wp.pestalozzi-gymnasium-heidenau.info\/index.php\/author\/pattex\/"},"rttpg_comment":0,"rttpg_category":null,"rttpg_excerpt":"Beitr\u00e4ge in der Kategorie Veranstaltungen Beitr\u00e4ge in der Kategorie Neuigkeiten Beitr\u00e4ge in der Kategorie Sport Beitr\u00e4ge in der Kategorie Musik Beitr\u00e4ge in der Kategorie F\u00f6rderverein","_links":{"self":[{"href":"https:\/\/wp.pestalozzi-gymnasium-heidenau.info\/index.php\/wp-json\/wp\/v2\/pages\/1987","targetHints":{"allow":["GET"]}}],"collection":[{"href":"https:\/\/wp.pestalozzi-gymnasium-heidenau.info\/index.php\/wp-json\/wp\/v2\/pages"}],"about":[{"href":"https:\/\/wp.pestalozzi-gymnasium-heidenau.info\/index.php\/wp-json\/wp\/v2\/types\/page"}],"author":[{"embeddable":true,"href":"https:\/\/wp.pestalozzi-gymnasium-heidenau.info\/index.php\/wp-json\/wp\/v2\/users\/1"}],"replies":[{"embeddable":true,"href":"https:\/\/wp.pestalozzi-gymnasium-heidenau.info\/index.php\/wp-json\/wp\/v2\/comments?post=1987"}],"version-history":[{"count":2,"href":"https:\/\/wp.pestalozzi-gymnasium-heidenau.info\/index.php\/wp-json\/wp\/v2\/pages\/1987\/revisions"}],"predecessor-version":[{"id":2864,"href":"https:\/\/wp.pestalozzi-gymnasium-heidenau.info\/index.php\/wp-json\/wp\/v2\/pages\/1987\/revisions\/2864"}],"wp:attachment":[{"href":"https:\/\/wp.pestalozzi-gymnasium-heidenau.info\/index.php\/wp-json\/wp\/v2\/media?parent=1987"}],"curies":[{"name":"wp","href":"https:\/\/api.w.org\/{rel}","templated":true}]}}